{"id":98529,"date":"2018-02-10T15:07:16","date_gmt":"2018-02-10T20:07:16","guid":{"rendered":"https:\/\/www.myvacaya.com\/opdage\/giver-tilbage\/"},"modified":"2023-08-04T10:01:53","modified_gmt":"2023-08-04T14:01:53","slug":"giver-tilbage","status":"publish","type":"page","link":"https:\/\/www.myvacaya.com\/da\/opdage\/giver-tilbage\/","title":{"rendered":"Giver tilbage"},"content":{"rendered":"<p>[et_pb_section fb_built=&#8221;1&#8243; fullwidth=&#8221;on&#8221; admin_label=&#8221;Slider&#8221; module_id=&#8221;skyder-sektion-interi\u00f8r&#8221; _builder_version=&#8221;4.17.6&#8243; _module_preset=&#8221;default&#8221; background_enable_image=&#8221;off&#8221; global_colors_info=&#8221;{}&#8221;][et_pb_fullwidth_code admin_label=&#8221;Slider Overlay&#8221; module_class=&#8221;interior-page-overlay&#8221; _builder_version=&#8221;4.17.6&#8243; _module_preset=&#8221;default&#8221; positioning=&#8221;absolute&#8221; position_origin_a=&#8221;top_right&#8221; position_origin_f=&#8221;top_right&#8221; z_index=&#8221;100&#8243; width=&#8221;50%&#8221; width_tablet=&#8221;50%&#8221; width_phone=&#8221;100%&#8221; width_last_edited=&#8221;on|phone&#8221; height=&#8221;100vh&#8221; hover_enabled=&#8221;0&#8243; global_colors_info=&#8221;{}&#8221; sticky_enabled=&#8221;0&#8243;]<div class=\"trip-overlay\"><div class=\"trip-title\"><h1>Giver tilbage<\/h1><\/div><\/div>[\/et_pb_fullwidth_code][et_pb_fullwidth_slider show_arrows=&#8221;off&#8221; admin_label=&#8221;Slider Images&#8221; module_id=&#8221;slider-images&#8221; _builder_version=&#8221;4.17.6&#8243; _module_preset=&#8221;default&#8221; height=&#8221;100vh&#8221; auto=&#8221;on&#8221; global_colors_info=&#8221;{}&#8221;][et_pb_slide _builder_version=&#8221;4.17.6&#8243; _module_preset=&#8221;default&#8221; background_color=&#8221;RGBA(255,255,255,0)&#8221; background_enable_color=&#8221;on&#8221; background_image=&#8221;https:\/\/www.myvacaya.com\/wp-content\/uploads\/2022\/09\/giving-back-3.jpg&#8221; background_enable_image=&#8221;on&#8221; background_last_edited=&#8221;on|desktop&#8221; background_image_phone=&#8221;https:\/\/www.myvacaya.com\/wp-content\/uploads\/2022\/11\/give-back-mobile-414&#215;500-1.jpg&#8221; background_enable_image_phone=&#8221;on&#8221; global_colors_info=&#8221;{}&#8221; sticky_transition=&#8221;on&#8221;][\/et_pb_slide][\/et_pb_fullwidth_slider][\/et_pb_section][et_pb_section fb_built=&#8221;1&#8243; custom_padding_last_edited=&#8221;on|phone&#8221; _builder_version=&#8221;4.17.6&#8243; _module_preset=&#8221;default&#8221; custom_padding=&#8221;||||false|false&#8221; custom_padding_tablet=&#8221;||||false|false&#8221; custom_padding_phone=&#8221;||||false|false&#8221; global_colors_info=&#8221;{}&#8221;][et_pb_row custom_padding_last_edited=&#8221;on|desktop&#8221; _builder_version=&#8221;4.17.6&#8243; _module_preset=&#8221;default&#8221; custom_padding=&#8221;||||false|false&#8221; custom_padding_tablet=&#8221;||||false|false&#8221; custom_padding_phone=&#8221;||||false|false&#8221; global_colors_info=&#8221;{}&#8221;][et_pb_column type=&#8221;4_4&#8243; _builder_version=&#8221;4.17.6&#8243; _module_preset=&#8221;default&#8221; global_colors_info=&#8221;{}&#8221;][et_pb_text _builder_version=&#8221;4.17.6&#8243; _module_preset=&#8221;default&#8221; custom_margin=&#8221;||||false|false&#8221; custom_margin_tablet=&#8221;||||false|false&#8221; custom_margin_phone=&#8221;||||false|false&#8221; custom_margin_last_edited=&#8221;on|phone&#8221; global_colors_info=&#8221;{}&#8221;]Hvordan forestiller du dig vores verden om 50 \u00e5r? At give tilbage i samfundet afspejler vores engagement i ideen om, at vi alle kan g\u00f8re en forskel. Til det form\u00e5l har VACAYA to m\u00e5der, vi h\u00e5ber at f\u00e5 indflydelse p\u00e5 b\u00e5de lokalt og globalt&#8230;[\/et_pb_text][\/et_pb_column][\/et_pb_row][\/et_pb_section][et_pb_section fb_built=&#8221;1&#8243; custom_padding_last_edited=&#8221;on|desktop&#8221; admin_label=&#8221;Video&#8221; _builder_version=&#8221;4.17.6&#8243; _module_preset=&#8221;default&#8221; custom_padding=&#8221;0%||0%||false|false&#8221; custom_padding_tablet=&#8221;0%||0%||false|false&#8221; custom_padding_phone=&#8221;0%||0%||false|false&#8221; global_colors_info=&#8221;{}&#8221;][et_pb_row custom_padding_last_edited=&#8221;on|desktop&#8221; _builder_version=&#8221;4.17.6&#8243; _module_preset=&#8221;default&#8221; custom_padding=&#8221;0%||0%||false|false&#8221; custom_padding_tablet=&#8221;&#8221; custom_padding_phone=&#8221;||0%||false|false&#8221; global_colors_info=&#8221;{}&#8221;][et_pb_column type=&#8221;4_4&#8243; _builder_version=&#8221;4.17.4&#8243; _module_preset=&#8221;default&#8221; global_colors_info=&#8221;{}&#8221;][et_pb_image src=&#8221;https:\/\/www.myvacaya.com\/wp-content\/uploads\/2022\/09\/giving-back-1.jpg&#8221; title_text=&#8221;give-tilbage-1&#8243; show_bottom_space=&#8221;off&#8221; force_fullwidth=&#8221;on&#8221; admin_label=&#8221;Video Thumbnail&#8221; module_class=&#8221;popmake-29174&#8243; _builder_version=&#8221;4.17.6&#8243; _module_preset=&#8221;default&#8221; scroll_fade_enable=&#8221;on&#8221; global_colors_info=&#8221;{}&#8221;][\/et_pb_image][et_pb_image src=&#8221;https:\/\/www.myvacaya.com\/wp-content\/uploads\/2022\/10\/play-btn-pink-white.png&#8221; title_text=&#8221;play-btn-pink-hvid&#8221; align=&#8221;center&#8221; admin_label=&#8221;Play Button&#8221; module_class=&#8221;popmake-29174&#8243; _builder_version=&#8221;4.17.6&#8243; _module_preset=&#8221;default&#8221; positioning=&#8221;absolute&#8221; position_origin_a=&#8221;center_center&#8221; position_origin_f=&#8221;center_center&#8221; z_index=&#8221;10&#8243; width=&#8221;100%&#8221; width_tablet=&#8221;100%&#8221; width_phone=&#8221;&#8221; width_last_edited=&#8221;on|phone&#8221; max_width_tablet=&#8221;&#8221; max_width_phone=&#8221;50px&#8221; max_width_last_edited=&#8221;on|phone&#8221; global_colors_info=&#8221;{}&#8221;][\/et_pb_image][\/et_pb_column][\/et_pb_row][\/et_pb_section][et_pb_section fb_built=&#8221;1&#8243; custom_padding_last_edited=&#8221;on|desktop&#8221; _builder_version=&#8221;4.17.6&#8243; _module_preset=&#8221;default&#8221; custom_padding=&#8221;4%||0%||false|false&#8221; custom_padding_tablet=&#8221;4%||||false|false&#8221; custom_padding_phone=&#8221;40px||||false|false&#8221; global_colors_info=&#8221;{}&#8221;][et_pb_row column_structure=&#8221;1_2,1_2&#8243; custom_padding_last_edited=&#8221;on|desktop&#8221; _builder_version=&#8221;4.17.6&#8243; _module_preset=&#8221;default&#8221; custom_padding=&#8221;0%||0%||false|false&#8221; custom_padding_tablet=&#8221;0%||0%||false|false&#8221; custom_padding_phone=&#8221;0%||0%||false|false&#8221; global_colors_info=&#8221;{}&#8221;][et_pb_column type=&#8221;1_2&#8243; _builder_version=&#8221;4.17.6&#8243; _module_preset=&#8221;default&#8221; global_colors_info=&#8221;{}&#8221;][et_pb_text admin_label=&#8221;Section Title &#8211; H3&#8243; _builder_version=&#8221;4.17.6&#8243; _module_preset=&#8221;default&#8221; header_3_font=&#8221;Futura Bold|||on|||||&#8221; header_3_text_align=&#8221;center&#8221; header_3_text_color=&#8221;#000000&#8243; header_3_font_size=&#8221;18px&#8221; header_3_letter_spacing=&#8221;1.8px&#8221; header_3_line_height=&#8221;24px&#8221; custom_margin=&#8221;||||false|false&#8221; custom_margin_tablet=&#8221;||||false|false&#8221; custom_margin_phone=&#8221;||||false|false&#8221; custom_margin_last_edited=&#8221;on|phone&#8221; custom_padding=&#8221;||||false|false&#8221; global_colors_info=&#8221;{}&#8221;]<\/p>\n<h3>R\u00e6kke ud<\/h3>\n<p>[\/et_pb_text][et_pb_text _builder_version=&#8221;4.17.6&#8243; _module_preset=&#8221;default&#8221; global_colors_info=&#8221;{}&#8221;]Vores mission er at sikre, at vi giver mere tilbage til de samfund, vi bes\u00f8ger, end hvad der bliver taget v\u00e6k. I samarbejde med lokale organisationer tilbyder vi vores g\u00e6ster en mulighed i l\u00f8bet af deres ferie for at give tilbage til de samfund, vi bes\u00f8ger &#8211; enten med en smule svedegenkapital eller \u00f8konomisk. Det er nemt at g\u00f8re verden til et bedre sted. Alt du skal g\u00f8re er at have tiden i dit liv. Vores tilbud omfatter:<\/p>\n<p><strong>Projekt rygs\u00e6k<\/strong><br \/>\n En af de mest \u00f8del\u00e6ggende konsekvenser af at leve i fattigdom er den indvirkning, det har p\u00e5 et barns uddannelse. For en underprivilegeret elev i steder som Cuba, Roat\u00e1n, Barbuda eller Mexico er det afg\u00f8rende for deres evne til at l\u00e6re og vokse at kunne starte skole\u00e5ret med helt nye skoleartikler. Project Backpack giver VACAYA-g\u00e6ster mulighed for at indsamle og levere disse forsyninger til skoler i de havne, vi bes\u00f8ger.<\/p>\n<p><strong>Fremme forst\u00e5else gennem frivillig turisme  <\/strong><br \/>\nLGBT-rejser har vist sig at v\u00e6re en af \u200b\u200bde prim\u00e6re drivkr\u00e6fter for at opn\u00e5 accept af vores samfund globalt. VACAYA vil styrke disse relationer gennem vores Voluntourism Shore Excursions. Med social p\u00e5virkning som m\u00e5let vil g\u00e6ster engagere lokalsamfund ved at bringe gl\u00e6de til unge, der bor p\u00e5 fattige b\u00f8rnehjem, hj\u00e6lpe en orkan-h\u00e6rget facilitet med at genopbygge eller lave billige, men effektive vandfiltre og levere dem til tr\u00e6ngte familier. VACAYA vil i samarbejde med vores krydstogtsrederi og resortv\u00e6rter st\u00e5 i spidsen for disse filantropiske bestr\u00e6belser for at efterlade et varigt indtryk p\u00e5 vores v\u00e6rter.[\/et_pb_text][\/et_pb_column][et_pb_column type=&#8221;1_2&#8243; _builder_version=&#8221;4.17.6&#8243; _module_preset=&#8221;default&#8221; global_colors_info=&#8221;{}&#8221;][et_pb_text admin_label=&#8221;Section Title &#8211; H3&#8243; _builder_version=&#8221;4.17.6&#8243; _module_preset=&#8221;default&#8221; header_3_font=&#8221;Futura Bold|||on|||||&#8221; header_3_text_align=&#8221;center&#8221; header_3_text_color=&#8221;#000000&#8243; header_3_font_size=&#8221;18px&#8221; header_3_letter_spacing=&#8221;1.8px&#8221; header_3_line_height=&#8221;24px&#8221; custom_margin=&#8221;||||false|false&#8221; custom_margin_tablet=&#8221;||||false|false&#8221; custom_margin_phone=&#8221;||||false|false&#8221; custom_margin_last_edited=&#8221;on|phone&#8221; custom_padding=&#8221;||||false|false&#8221; global_colors_info=&#8221;{}&#8221;]<\/p>\n<h3>Hytter til form\u00e5l<\/h3>\n<p>[\/et_pb_text][et_pb_text _builder_version=&#8221;4.17.6&#8243; _module_preset=&#8221;default&#8221; global_colors_info=&#8221;{}&#8221;]Som en uafh\u00e6ngigt ejet virksomhed har vi friheden til at st\u00f8tte sager, der p\u00e5virker vores verden p\u00e5 en positiv m\u00e5de. At give tilbage er vigtigt for os, og vi \u00f8nsker at dele denne passion ved at give VACAYA-g\u00e6ster mulighed for at hj\u00e6lpe med at beslutte, hvilke form\u00e5l vi st\u00f8tter. Gennem din st\u00f8tte fra VACAYA vil vores <em>Cabins for Causes<\/em> -program donere krydstogtv\u00e6relser til v\u00e6rdige form\u00e5l efter dit valg. Fra tid til anden vil vi afholde nomineringer og valg, der involverer vores g\u00e6ster til at vejlede vores velg\u00f8rende gaver. Vi h\u00e5ber at kunne hj\u00e6lpe p\u00e5 f\u00f8lgende m\u00e5der:<\/p>\n<ul>\n<li><strong>L\u00f8sning af kritiske problemer i hjemmet<\/strong><br \/>\nVi sigter mod at st\u00f8tte organisationer, der tackler de sv\u00e6re problemer, som LGBT&#8217;er st\u00e5r over for i Amerika. Eksempler inkluderer at overvinde virkningerne af unge, der kommer ud til familier, der ikke st\u00f8tter, at yde kritisk hiv\/aids-medicinsk behandling til alle i n\u00f8d, og at sikre diskriminationsfrie og billige boliger til vores voksende LGBT-\u00e6ldste.<\/li>\n<li><strong>Sikring af ligestilling forts\u00e6tter med at vokse<\/strong><br \/>\nTakket v\u00e6re det h\u00e5rde arbejde fra generationer af LGBT-fortalere og aktivister, der k\u00e6mpede for at g\u00f8re det muligt, har vores land gjort ligestillingsfremskridt, som nogle af os ikke havde forestillet sig var mulige i vores levetid. Vi str\u00e6ber efter at st\u00f8tte organisationer, der k\u00e6mper for fuld f\u00f8deral lighed for LGBT-amerikanere, \u00e6rer LGBT-personers milit\u00e6rtjeneste og uddanner de uinformerede om de udfordringer, som vores samfund st\u00e5r over for.<\/li>\n<li><strong>Styrkelse af menneskerettigheder rundt om i verden<\/strong><br \/>\nVi har til hensigt at st\u00f8tte organisationer i lande som Rusland, Indien, Malaysia, Saudi-Arabien, Singapore, De Forenede Arabiske Emirater og Qatar med homofobiske regeringer og anti-homoseksuelle love, der begr\u00e6nser LGBT-samfundsmedlemmers mulighed for at realisere deres fulde potentiale. Vi vil tilbyde ressourcer og et budskab om h\u00e5b med en vision for livet, der er frit, \u00e5bent og i flertal.<\/li>\n<\/ul>\n<p><strong>Tages op til overvejelse<\/strong><br \/>\nVACAYA accepterer i \u00f8jeblikket ans\u00f8gninger <em>om Cabins for Causes<\/em> til behandling.<\/p>\n<p>For at ans\u00f8ge skal du sende f\u00f8lgende oplysninger til <a href=\"mailto:marketing@myvacaya.com\" target=\"_blank\" rel=\"noopener\">marketing@myvacaya.com<\/a> :<\/p>\n<ul>\n<li>Organisationens navn<\/li>\n<li>Organisationens hjemmeside<\/li>\n<li>Organisationskontaktpersons navn, e-mail og telefonnummer<\/li>\n<li>Begivenhedsnavn og dato<\/li>\n<li>Antal deltagere<\/li>\n<li>Andre detaljer (vedh\u00e6ft gerne en kort pr\u00e6sentation)<\/li>\n<\/ul>\n<p>[\/et_pb_text][\/et_pb_column][\/et_pb_row][\/et_pb_section][et_pb_section fb_built=&#8221;1&#8243; admin_label=&#8221;Trip Tiles with Divider and Title&#8221; _builder_version=&#8221;4.17.6&#8243; _module_preset=&#8221;default&#8221; global_colors_info=&#8221;{}&#8221;][et_pb_row _builder_version=&#8221;4.17.6&#8243; _module_preset=&#8221;default&#8221; global_colors_info=&#8221;{}&#8221;][et_pb_column type=&#8221;4_4&#8243; _builder_version=&#8221;4.17.6&#8243; _module_preset=&#8221;default&#8221; global_colors_info=&#8221;{}&#8221;][et_pb_divider color=&#8221;#000000&#8243; divider_position=&#8221;center&#8221; _builder_version=&#8221;4.17.6&#8243; _module_preset=&#8221;default&#8221; global_colors_info=&#8221;{}&#8221;][\/et_pb_divider][\/et_pb_column][\/et_pb_row][et_pb_row _builder_version=&#8221;4.17.6&#8243; _module_preset=&#8221;default&#8221; global_colors_info=&#8221;{}&#8221;][et_pb_column type=&#8221;4_4&#8243; _builder_version=&#8221;4.17.6&#8243; _module_preset=&#8221;default&#8221; global_colors_info=&#8221;{}&#8221;][et_pb_text admin_label=&#8221;Section Title &#8211; H3&#8243; _builder_version=&#8221;4.17.6&#8243; _module_preset=&#8221;default&#8221; header_3_font=&#8221;Futura Bold|||on|||||&#8221; header_3_text_align=&#8221;center&#8221; header_3_text_color=&#8221;#000000&#8243; header_3_font_size=&#8221;18px&#8221; header_3_letter_spacing=&#8221;1.8px&#8221; header_3_line_height=&#8221;24px&#8221; custom_margin=&#8221;||||false|false&#8221; custom_margin_tablet=&#8221;||||false|false&#8221; custom_margin_phone=&#8221;||||false|false&#8221; custom_margin_last_edited=&#8221;on|phone&#8221; custom_padding=&#8221;||||false|false&#8221; global_colors_info=&#8221;{}&#8221;]<\/p>\n<h3>GIV TILBAGE UNDER DISSE FERIE<\/h3>\n<p>[\/et_pb_text][\/et_pb_column][\/et_pb_row][et_pb_row _builder_version=&#8221;4.17.6&#8243; _module_preset=&#8221;default&#8221; global_colors_info=&#8221;{}&#8221;][et_pb_column type=&#8221;4_4&#8243; _builder_version=&#8221;4.17.6&#8243; _module_preset=&#8221;default&#8221; global_colors_info=&#8221;{}&#8221;][et_pb_text _builder_version=&#8221;4.17.6&#8243; _module_preset=&#8221;default&#8221; global_colors_info=&#8221;{}&#8221;]<div id=\"ajax-load-more\" class=\"ajax-load-more-wrap default\" data-id=\"experience-items\" data-alm-id=\"\" data-canonical-url=\"https:\/\/www.myvacaya.com\/da\/opdage\/giver-tilbage\/\" data-slug=\"giver-tilbage\" data-post-id=\"98529\"  data-localized=\"ajax_load_more_experience_items_vars\" data-alm-object=\"ajax_load_more_experience_items\"><ul aria-live=\"polite\" aria-atomic=\"true\" class=\"alm-listing alm-ajax\" data-container-type=\"ul\" data-loading-style=\"default\" data-repeater=\"template_1\" data-post-type=\"trip\" data-meta-key=\"show_trip_tile\" data-meta-value=\"1\" data-custom-args=\"post_parent: 0\" data-order=\"ASC\" data-orderby=\"date\" data-offset=\"0\" data-posts-per-page=\"20\" data-lang=\"da\" data-scroll=\"false\" data-button-label=\"Load More\" data-prev-button-label=\"Load Previous\" data-destroy-after=\"1\"><\/ul><div class=\"alm-btn-wrap\" data-rel=\"ajax-load-more\"><button class=\"alm-load-more-btn\" type=\"button\">Load More<\/button><\/div><\/div>[\/et_pb_text][\/et_pb_column][\/et_pb_row][\/et_pb_section][et_pb_section fb_built=&#8221;1&#8243; admin_label=&#8221;The Vacaya Difference&#8221; _builder_version=&#8221;4.17.6&#8243; _module_preset=&#8221;default&#8221; background_color=&#8221;#191919&#8243; custom_padding=&#8221;||||false|false&#8221; global_colors_info=&#8221;{}&#8221;][et_pb_row _builder_version=&#8221;4.17.6&#8243; _module_preset=&#8221;default&#8221; global_colors_info=&#8221;{}&#8221;][et_pb_column type=&#8221;4_4&#8243; _builder_version=&#8221;4.17.4&#8243; _module_preset=&#8221;default&#8221; global_colors_info=&#8221;{}&#8221;][et_pb_text admin_label=&#8221;Section Title &#8211; H3&#8243; _builder_version=&#8221;4.17.6&#8243; _module_preset=&#8221;default&#8221; header_3_font=&#8221;Futura Bold|||on|||||&#8221; header_3_text_align=&#8221;center&#8221; header_3_text_color=&#8221;#FFFFFF&#8221; header_3_font_size=&#8221;18px&#8221; header_3_letter_spacing=&#8221;1.8px&#8221; header_3_line_height=&#8221;24px&#8221; custom_margin=&#8221;||4%||false|false&#8221; custom_margin_tablet=&#8221;||4%||false|false&#8221; custom_margin_phone=&#8221;||40px||false|false&#8221; custom_margin_last_edited=&#8221;on|phone&#8221; global_colors_info=&#8221;{}&#8221;]<\/p>\n<h3>Vacaya-forskellen<\/h3>\n<p>[\/et_pb_text][dmpro_carousel columns=&#8221;5&#8243; space_between=&#8221;32&#8243; container_padding=&#8221;0px|30px|0px|30px|false|false&#8221; loop=&#8221;on&#8221; autoplay=&#8221;on&#8221; pause_on_hover=&#8221;off&#8221; autoplay_speed=&#8221;3000&#8243; columns_tablet=&#8221;3&#8243; columns_phone=&#8221;2&#8243; columns_last_edited=&#8221;on|phone&#8221; _builder_version=&#8221;4.17.6&#8243; _module_preset=&#8221;default&#8221; title_font=&#8221;Futura Bold|||on|||||&#8221; title_text_color=&#8221;#FFFFFF&#8221; title_font_size=&#8221;18px&#8221; title_letter_spacing=&#8221;0.1em&#8221; title_line_height=&#8221;24px&#8221; desc_font=&#8221;Helvetica||||||||&#8221; desc_text_color=&#8221;#FFFFFF&#8221; desc_font_size=&#8221;16px&#8221; desc_line_height=&#8221;1.5em&#8221; global_colors_info=&#8221;{}&#8221;][dmpro_carousel_child title=&#8221;Bliv ambassad\u00f8r&#8221; img_src=&#8221;https:\/\/www.myvacaya.com\/wp-content\/uploads\/2022\/07\/ambassadors-1.jpg&#8221; text_title=&#8221;Bliv ambassad\u00f8r&#8221; desc_text=&#8221;Eager to help spread the news about VACAYA? We have everything you need to get started!&#8221; _builder_version=&#8221;4.17.4&#8243; _module_preset=&#8221;default&#8221; global_colors_info=&#8221;{}&#8221;][\/dmpro_carousel_child][dmpro_carousel_child title=&#8221;Enest\u00e5ende tilbud&#8221; img_src=&#8221;https:\/\/www.myvacaya.com\/wp-content\/uploads\/2022\/07\/unparalled-offers.png&#8221; text_title=&#8221;Enest\u00e5ende tilbud&#8221; desc_text=&#8221;Are you ready to dive into VACAYA headfirst? We\u2019ve got a special selection of offers just for you!&#8221; _builder_version=&#8221;4.17.4&#8243; _module_preset=&#8221;default&#8221; global_colors_info=&#8221;{}&#8221;][\/dmpro_carousel_child][dmpro_carousel_child title=&#8221;Tilg\u00e6ngelighed&#8221; img_src=&#8221;https:\/\/www.myvacaya.com\/wp-content\/uploads\/2022\/07\/accesibility.jpg&#8221; text_title=&#8221;Tilg\u00e6ngelighed&#8221; desc_text=&#8221;VACAYA and our partners create a welcoming environment for travelers with special needs.&#8221; _builder_version=&#8221;4.17.4&#8243; _module_preset=&#8221;default&#8221; global_colors_info=&#8221;{}&#8221;][\/dmpro_carousel_child][dmpro_carousel_child title=&#8221;Giver tilbage&#8221; img_src=&#8221;https:\/\/www.myvacaya.com\/wp-content\/uploads\/2022\/07\/giving-back-2.jpg&#8221; text_title=&#8221;Giver tilbage&#8221; desc_text=&#8221;Our efforts in the community reflect our commitment to the idea that we can all make a difference.&#8221; _builder_version=&#8221;4.17.4&#8243; _module_preset=&#8221;default&#8221; global_colors_info=&#8221;{}&#8221;][\/dmpro_carousel_child][dmpro_carousel_child title=&#8221;Alle er velkomne&#8221; img_src=&#8221;https:\/\/www.myvacaya.com\/wp-content\/uploads\/2022\/07\/all-are-welcome.png&#8221; text_title=&#8221;Alle er velkomne&#8221; desc_text=&#8221;Open your mind to the rainbow of fun that can be had in the world. <em>That\u2019s<\/em> the spirit of VACAYA!&#8221; _builder_version=&#8221;4.17.4&#8243; _module_preset=&#8221;default&#8221; global_colors_info=&#8221;{}&#8221;][\/dmpro_carousel_child][dmpro_carousel_child title=&#8221;Vores Erfaringer&#8221; img_src=&#8221;https:\/\/www.myvacaya.com\/wp-content\/uploads\/2022\/07\/vacaya-experiences.jpg&#8221; text_title=&#8221;Vores Erfaringer&#8221; desc_text=&#8221;VACAYA delivers vacations tailored to the unique desires of our guests. How will <em>you<\/em> VACAYA?&#8221; _builder_version=&#8221;4.17.4&#8243; _module_preset=&#8221;default&#8221; global_colors_info=&#8221;{}&#8221;][\/dmpro_carousel_child][dmpro_carousel_child title=&#8221;Alfabet suppe&#8221; img_src=&#8221;https:\/\/www.myvacaya.com\/wp-content\/uploads\/2022\/07\/the-difference-alphabet-soup-290&#215;175-2.jpg&#8221; text_title=&#8221;Alfabet suppe&#8221; desc_text=&#8221;Look no further\u2026 VACAYA\u2019s handy guide will help you navigate the entire LGBTQIAPK spectrum.&#8221; _builder_version=&#8221;4.17.4&#8243; _module_preset=&#8221;default&#8221; global_colors_info=&#8221;{}&#8221;][\/dmpro_carousel_child][dmpro_carousel_child title=&#8221;Solo rejsende&#8221; img_src=&#8221;https:\/\/www.myvacaya.com\/wp-content\/uploads\/2022\/07\/step-by-step.jpg&#8221; text_title=&#8221;Solo rejsende&#8221; desc_text=&#8221;<\/p>\n<p>VACAYA\u2019s \u201cSolo Traveling with Ease Program\u201d is perfect for single travelers looking to join in the fun.<\/p>\n<p>&#8221; _builder_version=&#8221;4.17.4&#8243; _module_preset=&#8221;default&#8221; global_colors_info=&#8221;{}&#8221;][\/dmpro_carousel_child][\/dmpro_carousel][\/et_pb_column][\/et_pb_row][\/et_pb_section]<\/p>\n","protected":false},"excerpt":{"rendered":"<p><div class=\"trip-overlay\"><div class=\"trip-title\"><h1>Rejsefliser med titel &#8211; Kun krydstogter<\/h1><\/div><\/div>Hvordan forestiller du dig vores verden om 50 \u00e5r? At give tilbage i samfundet afspejler vores engagement i ideen om, at vi alle kan g\u00f8re en forskel. Til det form\u00e5l har VACAYA to m\u00e5der, vi h\u00e5ber at f\u00e5 indflydelse p\u00e5 b\u00e5de lokalt og globalt&#8230;R\u00e6kke udVores mission er at sikre, at vi giver mere tilbage til [&hellip;]<\/p>\n","protected":false},"author":1,"featured_media":0,"parent":98489,"menu_order":0,"comment_status":"closed","ping_status":"closed","template":"","meta":{"_acf_changed":false,"_et_pb_use_builder":"on","_et_pb_old_content":"","_et_gb_content_width":"","_monsterinsights_skip_tracking":false,"_monsterinsights_sitenote_active":false,"_monsterinsights_sitenote_note":"","_monsterinsights_sitenote_category":0,"footnotes":""},"class_list":["post-98529","page","type-page","status-publish","hentry"],"acf":[],"_links":{"self":[{"href":"https:\/\/www.myvacaya.com\/da\/wp-json\/wp\/v2\/pages\/98529","targetHints":{"allow":["GET"]}}],"collection":[{"href":"https:\/\/www.myvacaya.com\/da\/wp-json\/wp\/v2\/pages"}],"about":[{"href":"https:\/\/www.myvacaya.com\/da\/wp-json\/wp\/v2\/types\/page"}],"author":[{"embeddable":true,"href":"https:\/\/www.myvacaya.com\/da\/wp-json\/wp\/v2\/users\/1"}],"replies":[{"embeddable":true,"href":"https:\/\/www.myvacaya.com\/da\/wp-json\/wp\/v2\/comments?post=98529"}],"version-history":[{"count":1,"href":"https:\/\/www.myvacaya.com\/da\/wp-json\/wp\/v2\/pages\/98529\/revisions"}],"predecessor-version":[{"id":98538,"href":"https:\/\/www.myvacaya.com\/da\/wp-json\/wp\/v2\/pages\/98529\/revisions\/98538"}],"up":[{"embeddable":true,"href":"https:\/\/www.myvacaya.com\/da\/wp-json\/wp\/v2\/pages\/98489"}],"wp:attachment":[{"href":"https:\/\/www.myvacaya.com\/da\/wp-json\/wp\/v2\/media?parent=98529"}],"curies":[{"name":"wp","href":"https:\/\/api.w.org\/{rel}","templated":true}]}}