{"id":98517,"date":"2018-02-10T15:16:50","date_gmt":"2018-02-10T20:16:50","guid":{"rendered":"https:\/\/www.myvacaya.com\/gaesteressourcer\/rejseforsikring\/"},"modified":"2024-04-30T14:15:44","modified_gmt":"2024-04-30T18:15:44","slug":"rejseforsikring","status":"publish","type":"page","link":"https:\/\/www.myvacaya.com\/da\/gaesteressourcer\/rejseforsikring\/","title":{"rendered":"Rejseforsikring"},"content":{"rendered":"<p>[et_pb_section fb_built=&#8221;1&#8243; fullwidth=&#8221;on&#8221; admin_label=&#8221;Slider&#8221; module_id=&#8221;skyder-sektion-interi\u00f8r&#8221; _builder_version=&#8221;4.17.6&#8243; _module_preset=&#8221;default&#8221; background_enable_image=&#8221;off&#8221; global_colors_info=&#8221;{}&#8221;][et_pb_fullwidth_code admin_label=&#8221;Slider Overlay&#8221; module_class=&#8221;interior-page-overlay&#8221; _builder_version=&#8221;4.17.6&#8243; _module_preset=&#8221;default&#8221; positioning=&#8221;absolute&#8221; position_origin_a=&#8221;top_right&#8221; position_origin_f=&#8221;top_right&#8221; z_index=&#8221;100&#8243; width=&#8221;50%&#8221; width_tablet=&#8221;50%&#8221; width_phone=&#8221;100%&#8221; width_last_edited=&#8221;on|phone&#8221; height=&#8221;100vh&#8221; global_colors_info=&#8221;{}&#8221;]<div class=\"trip-overlay\"><div class=\"trip-title\"><h1>Rejseforsikring<\/h1><\/div><\/div>[\/et_pb_fullwidth_code][et_pb_fullwidth_slider show_arrows=&#8221;off&#8221; admin_label=&#8221;Slider Images&#8221; module_id=&#8221;slider-images&#8221; _builder_version=&#8221;4.17.6&#8243; _module_preset=&#8221;default&#8221; height=&#8221;100vh&#8221; auto=&#8221;on&#8221; global_colors_info=&#8221;{}&#8221;][et_pb_slide _builder_version=&#8221;4.17.6&#8243; _module_preset=&#8221;default&#8221; background_color=&#8221;RGBA(255,255,255,0)&#8221; background_enable_color=&#8221;on&#8221; background_image=&#8221;https:\/\/www.myvacaya.com\/wp-content\/uploads\/2022\/09\/travel-insurance.jpg&#8221; background_enable_image=&#8221;on&#8221; background_last_edited=&#8221;on|desktop&#8221; background_image_phone=&#8221;https:\/\/www.myvacaya.com\/wp-content\/uploads\/2022\/11\/travel-insurancefb-1200&#215;630-1.png&#8221; background_enable_image_phone=&#8221;on&#8221; global_colors_info=&#8221;{}&#8221; sticky_transition=&#8221;on&#8221;][\/et_pb_slide][\/et_pb_fullwidth_slider][\/et_pb_section][et_pb_section fb_built=&#8221;1&#8243; custom_padding_last_edited=&#8221;on|phone&#8221; _builder_version=&#8221;4.17.6&#8243; _module_preset=&#8221;default&#8221; custom_padding=&#8221;||||false|false&#8221; custom_padding_tablet=&#8221;||||false|false&#8221; custom_padding_phone=&#8221;||||false|false&#8221; global_colors_info=&#8221;{}&#8221;][et_pb_row custom_padding_last_edited=&#8221;on|desktop&#8221; _builder_version=&#8221;4.17.6&#8243; _module_preset=&#8221;default&#8221; custom_padding=&#8221;||||false|false&#8221; custom_padding_tablet=&#8221;||||false|false&#8221; custom_padding_phone=&#8221;||||false|false&#8221; global_colors_info=&#8221;{}&#8221;][et_pb_column type=&#8221;4_4&#8243; _builder_version=&#8221;4.17.6&#8243; _module_preset=&#8221;default&#8221; global_colors_info=&#8221;{}&#8221;][et_pb_text _builder_version=&#8221;4.23.4&#8243; _module_preset=&#8221;default&#8221; custom_margin=&#8221;||||false|false&#8221; custom_margin_tablet=&#8221;||||false|false&#8221; custom_margin_phone=&#8221;||||false|false&#8221; custom_margin_last_edited=&#8221;on|phone&#8221; hover_enabled=&#8221;0&#8243; global_colors_info=&#8221;{}&#8221; sticky_enabled=&#8221;0&#8243;]Rejseforsikring kan v\u00e6re en god investering, is\u00e6r n\u00e5r du rejser til eksotiske destinationer, har flere forbindelser eller planl\u00e6gger at deltage i eventyraktiviteter. VACAYA anbefaler st\u00e6rkt, at du k\u00f8ber en politik for at beskytte dine h\u00e5rdt tjente feriekroner. N\u00f8glen er at v\u00e6lge den rigtige politik til dine specifikke behov. F\u00f8lgende kan hj\u00e6lpe dig med at finde den helt rigtige politik:<\/p>\n<ol>\n<li>Tjek, om dine kreditkort, auto-klub-medlemskaber, husejer\/lejerd\u00e6kning eller arbejdsgiver tilbyder politikker, der inkluderer d\u00e6kning for overs\u00f8iske rejser.<\/li>\n<li>Du \u00f8nsker altid at v\u00e6lge et tredjepartsforsikringsselskab til at yde din d\u00e6kning. Du har mulighed for at k\u00f8be en uafh\u00e6ngig tredjepartspolitik i slutningen af \u200b\u200bdin online reservation hos os.<\/li>\n<li>V\u00e6r opm\u00e6rksom p\u00e5 d\u00e6kning for allerede eksisterende medicinske tilstande, og s\u00f8rg for, at politikbestemmelserne er brede nok for hver enkelt passager. For eksempel er Medicare-grupped\u00e6kning for seniorer muligvis ikke tilg\u00e6ngelig for behandling uden for USA. Mange forsikringer vil omfatte d\u00e6kning for allerede eksisterende medicinske tilstande, hvis du k\u00f8ber forsikringen omkring samme tid, som du foretager det f\u00f8rste depositum for din rejse.<\/li>\n<li>Politikker, der inkluderer evakueringsbestemmelser, er at foretr\u00e6kke, is\u00e6r n\u00e5r man rejser til tredjeverdensomr\u00e5der, da de medicinske standarder i mange lande er lavere end i USA.<\/li>\n<li>Gennemg\u00e5 vilk\u00e5rene for terrorbeskyttelse i politikken for at sikre, at den inkluderer de omkringliggende omr\u00e5der af en terrorh\u00e6ndelse, ikke kun byerne p\u00e5 rejseplanen.<\/li>\n<li>Hvis du er en hyppig rejsende, kan det v\u00e6re en god handel at anskaffe en \u00e5rlig rejsed\u00e6kningspolitik.<\/li>\n<li>N\u00e5r du sammenligner politikker, skal du ikke antage, at politikker til samme pris giver identisk d\u00e6kning. Gennemg\u00e5 omhyggeligt de d\u00e6kkede og ikke-d\u00e6kkede grunde for annullering.<\/li>\n<li>&#8220;Annuller af en eller anden grund&#8221;-forsikringer er dyre, men at udf\u00f8re en analyse af de ekstra omkostninger for denne type d\u00e6kning og dine s\u00e6rlige behov kan forhindre problemer senere.<\/li>\n<li>Term livsforsikring er billigere gennem din m\u00e6gler end forsikringsmaskinerne i lufthavnen.<\/li>\n<li>Yderligere bagaged\u00e6kning anbefales kraftigt i betragtning af flyselskabernes begr\u00e6nsede ansvar p\u00e5 3.300 USD indenrigs \/ 1.600 USD International for tab eller forsinkelse af bagage.<\/li>\n<\/ol>\n<p>For mere information om dette emne, s\u00f8rg for at l\u00e6se Vacayan John Finens <strong><a href=\"https:\/\/www.myvacaya.com\/da\/rejseforsikring-101\/\">Travel Insurance 101<\/a><\/strong> blog.[\/et_pb_text][\/et_pb_column][\/et_pb_row][\/et_pb_section]<\/p>\n","protected":false},"excerpt":{"rendered":"<p><div class=\"trip-overlay\"><div class=\"trip-title\"><h1>Rejsefliser med titel &#8211; Kun krydstogter<\/h1><\/div><\/div>Rejseforsikring kan v\u00e6re en god investering, is\u00e6r n\u00e5r du rejser til eksotiske destinationer, har flere forbindelser eller planl\u00e6gger at deltage i eventyraktiviteter. VACAYA anbefaler st\u00e6rkt, at du k\u00f8ber en politik for at beskytte dine h\u00e5rdt tjente feriekroner. N\u00f8glen er at v\u00e6lge den rigtige politik til dine specifikke behov. F\u00f8lgende kan hj\u00e6lpe dig med at finde [&hellip;]<\/p>\n","protected":false},"author":1,"featured_media":0,"parent":98469,"menu_order":0,"comment_status":"closed","ping_status":"closed","template":"","meta":{"_acf_changed":false,"_et_pb_use_builder":"on","_et_pb_old_content":"","_et_gb_content_width":"","_monsterinsights_skip_tracking":false,"_monsterinsights_sitenote_active":false,"_monsterinsights_sitenote_note":"","_monsterinsights_sitenote_category":0,"footnotes":""},"class_list":["post-98517","page","type-page","status-publish","hentry"],"acf":[],"_links":{"self":[{"href":"https:\/\/www.myvacaya.com\/da\/wp-json\/wp\/v2\/pages\/98517","targetHints":{"allow":["GET"]}}],"collection":[{"href":"https:\/\/www.myvacaya.com\/da\/wp-json\/wp\/v2\/pages"}],"about":[{"href":"https:\/\/www.myvacaya.com\/da\/wp-json\/wp\/v2\/types\/page"}],"author":[{"embeddable":true,"href":"https:\/\/www.myvacaya.com\/da\/wp-json\/wp\/v2\/users\/1"}],"replies":[{"embeddable":true,"href":"https:\/\/www.myvacaya.com\/da\/wp-json\/wp\/v2\/comments?post=98517"}],"version-history":[{"count":5,"href":"https:\/\/www.myvacaya.com\/da\/wp-json\/wp\/v2\/pages\/98517\/revisions"}],"predecessor-version":[{"id":151435,"href":"https:\/\/www.myvacaya.com\/da\/wp-json\/wp\/v2\/pages\/98517\/revisions\/151435"}],"up":[{"embeddable":true,"href":"https:\/\/www.myvacaya.com\/da\/wp-json\/wp\/v2\/pages\/98469"}],"wp:attachment":[{"href":"https:\/\/www.myvacaya.com\/da\/wp-json\/wp\/v2\/media?parent=98517"}],"curies":[{"name":"wp","href":"https:\/\/api.w.org\/{rel}","templated":true}]}}