{"id":98494,"date":"2018-02-10T15:16:25","date_gmt":"2018-02-10T20:16:25","guid":{"rendered":"https:\/\/www.myvacaya.com\/gaesteressourcer\/fortrolighedspolitik\/"},"modified":"2023-08-04T10:01:43","modified_gmt":"2023-08-04T14:01:43","slug":"fortrolighedspolitik","status":"publish","type":"page","link":"https:\/\/www.myvacaya.com\/da\/gaesteressourcer\/fortrolighedspolitik\/","title":{"rendered":"Fortrolighedspolitik"},"content":{"rendered":"<p>[et_pb_section fb_built=&#8221;1&#8243; fullwidth=&#8221;on&#8221; admin_label=&#8221;Slider&#8221; module_id=&#8221;skyder-sektion-interi\u00f8r&#8221; _builder_version=&#8221;4.17.6&#8243; _module_preset=&#8221;default&#8221; background_enable_image=&#8221;off&#8221; global_colors_info=&#8221;{}&#8221;][et_pb_fullwidth_code admin_label=&#8221;Slider Overlay&#8221; module_class=&#8221;interior-page-overlay&#8221; _builder_version=&#8221;4.17.6&#8243; _module_preset=&#8221;default&#8221; positioning=&#8221;absolute&#8221; position_origin_a=&#8221;top_right&#8221; position_origin_f=&#8221;top_right&#8221; z_index=&#8221;100&#8243; width=&#8221;50%&#8221; width_tablet=&#8221;50%&#8221; width_phone=&#8221;100%&#8221; width_last_edited=&#8221;on|phone&#8221; height=&#8221;100vh&#8221; hover_enabled=&#8221;0&#8243; global_colors_info=&#8221;{}&#8221; sticky_enabled=&#8221;0&#8243;]<div class=\"trip-overlay\"><div class=\"trip-title\"><h1>Fortrolighedspolitik<\/h1><\/div><\/div>[\/et_pb_fullwidth_code][et_pb_fullwidth_slider show_arrows=&#8221;off&#8221; admin_label=&#8221;Slider Images&#8221; module_id=&#8221;slider-images&#8221; _builder_version=&#8221;4.17.6&#8243; _module_preset=&#8221;default&#8221; height=&#8221;100vh&#8221; auto=&#8221;on&#8221; global_colors_info=&#8221;{}&#8221;][et_pb_slide _builder_version=&#8221;4.17.6&#8243; _module_preset=&#8221;default&#8221; background_color=&#8221;RGBA(255,255,255,0)&#8221; background_enable_color=&#8221;on&#8221; background_image=&#8221;https:\/\/www.myvacaya.com\/wp-content\/uploads\/2022\/09\/privacy.jpg&#8221; background_enable_image=&#8221;on&#8221; background_last_edited=&#8221;on|desktop&#8221; background_image_phone=&#8221;https:\/\/www.myvacaya.com\/wp-content\/uploads\/2022\/11\/privacy-policy-mobile-414&#215;500-1.jpg&#8221; background_enable_image_phone=&#8221;on&#8221; global_colors_info=&#8221;{}&#8221; sticky_transition=&#8221;on&#8221;][\/et_pb_slide][\/et_pb_fullwidth_slider][\/et_pb_section][et_pb_section fb_built=&#8221;1&#8243; custom_padding_last_edited=&#8221;on|phone&#8221; _builder_version=&#8221;4.17.6&#8243; _module_preset=&#8221;default&#8221; custom_padding=&#8221;||||false|false&#8221; custom_padding_tablet=&#8221;||||false|false&#8221; custom_padding_phone=&#8221;||||false|false&#8221; global_colors_info=&#8221;{}&#8221;][et_pb_row custom_padding_last_edited=&#8221;on|desktop&#8221; _builder_version=&#8221;4.17.6&#8243; _module_preset=&#8221;default&#8221; custom_padding=&#8221;||||false|false&#8221; custom_padding_tablet=&#8221;||||false|false&#8221; custom_padding_phone=&#8221;||||false|false&#8221; global_colors_info=&#8221;{}&#8221;][et_pb_column type=&#8221;4_4&#8243; _builder_version=&#8221;4.17.6&#8243; _module_preset=&#8221;default&#8221; global_colors_info=&#8221;{}&#8221;][et_pb_text _builder_version=&#8221;4.17.6&#8243; _module_preset=&#8221;default&#8221; custom_margin=&#8221;||||false|false&#8221; custom_margin_tablet=&#8221;||||false|false&#8221; custom_margin_phone=&#8221;||||false|false&#8221; custom_margin_last_edited=&#8221;on|phone&#8221; global_colors_info=&#8221;{}&#8221;]Denne privatlivspolitik (&#8220;Politik&#8221;) g\u00e6lder for oplysninger modtaget af VACAYA (&#8220;Virksomheden&#8221;). Denne meddelelse beskriver vores privatlivspolitik (&#8220;Politik&#8221;) med hensyn til data indsamlet via vores hjemmeside, interaktive funktioner, applikationer, widgets, blogs, sociale netv\u00e6rk og sociale netv\u00e6rk eller medlemskabs &#8220;faner&#8221; og andre online eller tr\u00e5dl\u00f8se tilbud, der sender en link til denne privatlivspolitik, uanset om den er tilg\u00e5et via computer, mobilenhed eller anden teknologi (sammen &#8220;hjemmesiden&#8221;). Denne politik forklarer, hvilke oplysninger vi indsamler om dig, og hvad vi g\u00f8r med dem. Virksomheden forbeholder sig retten til at revidere denne privatlivspolitik til enhver tid. Vi vil underrette dig om eventuelle v\u00e6sentlige \u00e6ndringer af Politikken ved at offentligg\u00f8re den nye Politik her og ved at \u00e6ndre &#8220;Sidst opdateret&#8221;-datoen \u00f8verst. Du b\u00f8r med j\u00e6vne mellemrum l\u00e6se denne politik for at l\u00e6re om eventuelle revisioner.<\/p>\n<p><strong>Hvilke oplysninger indsamler vi?<\/strong><br \/>\nDu giver os frivilligt personlige data, n\u00e5r du foretager en handling, s\u00e5som at foretage en reservation hos os, anmode om oplysninger om VACAYA, bes\u00f8ge hjemmesiden eller gennem forskellige andre metoder. Vi indsamler kreditkortoplysninger fra dig, hvor det er relevant, for at lette dine k\u00f8b. Vi indsamler individuelt identificerbare personlige oplysninger (&#8220;Personlige data&#8221;), som du giver os, s\u00e5som dit navn, e-mailadresse, adresse, telefonnummer, postnummer, land, k\u00f8n, f\u00f8dselsdato, alder, medlem eller sk\u00e6rmnavn, og adgangskode. Derudover kan du v\u00e6lge at give VACAYA yderligere oplysninger, herunder civilstand, husstandsindkomst, uddannelse og besk\u00e6ftigelsesstatus. Vores unders\u00f8gelser beder om dine meninger om forskellige sp\u00f8rgsm\u00e5l. VACAYA tilbyder muligheden for at videresende information p\u00e5 siden til en anden person via e-mail eller sociale medier. Hvis du bruger en af \u200b\u200bdisse tjenester, vil vi bruge modtagerens e-mailadresse eller dit sociale mediesignal til at sende oplysningerne, og vi vil ogs\u00e5 bede om din e-mailadresse.<\/p>\n<p>P\u00e5 vores hjemmeside indsamler vi udover personlige data ogs\u00e5 ikke-personligt identificerbare data, s\u00e5som (men ikke begr\u00e6nset til) antallet af unikke bes\u00f8gende, hyppigheden af \u200b\u200bbes\u00f8g p\u00e5 hjemmesiden, de viste sider p\u00e5 hjemmesiden, webstedet den bes\u00f8gende ankommet fra og afg\u00e5r til, samt IP-adressen p\u00e5 den computer, der bruges til at f\u00e5 adgang til Hjemmesiden.<\/p>\n<p><strong>Hvad g\u00f8r vi med de oplysninger, vi indsamler?<\/strong><br \/>\nVi bruger de personlige data, vi indsamler, til at levere vores tjenester og deltage i reklame- og marketingaktiviteter. Vi bruger kreditkort og\/eller andre finansielle oplysninger, som du giver os til at opfylde din ordre eller anmodning. Virksomheden tager rimelige forholdsregler for at fors\u00f8ge at sikre sikkerheden og sikkerheden for vores kunders onlinetransaktioner. Kreditkortnumre, som du indtaster p\u00e5 vores faktureringswebside, er krypteret og transmitteret gennem SSL-teknologi (Secure Sockets Layer). SSL er industristandarden til sikring af web-beskedtransaktioner.<\/p>\n<p>Vi indsamler din IP-adresse (et nummer, der er tildelt af din internetudbyder til din computer for at identificere dens placering). Vi bruger din IP-adresse til at hj\u00e6lpe med at diagnosticere problemer med vores server og til at administrere dette websted. Vi bruger ogs\u00e5 nogle gange IP-adresser til at kommunikere med medlemmer og abonnenter og muligvis endda forbyde de medlemmer, der ikke overholder vores servicevilk\u00e5r.<\/p>\n<p><strong>Deler vi de oplysninger, vi indsamler, med tredjeparter?<\/strong><br \/>\nVi deler personlige data s\u00e5vel som ikke-personligt identificerbare data med vores forretningspartnere\/leverand\u00f8rer for at levere vores tjenester til markeds- og industriunders\u00f8gelsesform\u00e5l, til reklame- og marketingform\u00e5l og af andre \u00e5rsager.<\/p>\n<p>Virksomheden kan overf\u00f8re enhver information i sine databaser, herunder men ikke begr\u00e6nset til personlige data, til en tilknyttet eller tredjepart som led i en overf\u00f8rsel af forretningsaktiver.<\/p>\n<p>Virksomheden kan ogs\u00e5 frigive data for at overholde enhver juridisk proces, herunder anmodninger fra retsh\u00e5ndh\u00e6vende myndigheder og offentlige myndigheder, for at h\u00e5ndh\u00e6ve webstedets vilk\u00e5r for brug og andre aftaler og for at beskytte kunder og andre. Vi kan g\u00f8re det, n\u00e5r vi i god tro mener, at det ellers er n\u00f8dvendigt eller tilr\u00e5deligt at videregive disse oplysninger, herunder for eksempel for at identificere, kontakte eller anl\u00e6gge retssager mod en person, der kan forvolde skade p\u00e5 eller gribe ind i rettigheder eller ejendom tilh\u00f8rende virksomheden, en anden bruger eller enhver anden, der kan blive skadet af s\u00e5danne aktiviteter.<\/p>\n<p>Virksomheden kan videregive personlige data, n\u00e5r vi har grund til at tro, at videregivelse af disse oplysninger er n\u00f8dvendig for at identificere, efterforske, kontakte eller anl\u00e6gge sag mod en person, der kan for\u00e5rsage skade p\u00e5 eller forstyrre (enten bevidst eller utilsigtet) hjemmesiden eller virksomhedens rettigheder eller ejendom.<\/p>\n<p><strong>Bruger vi cookies?<\/strong><br \/>\nJa. Cookies er sm\u00e5 datafiler, der genereres af webservere og gemmes p\u00e5 din computer til fremtidig adgang. Vi bruger prim\u00e6rt cookies til at forbedre din navigation p\u00e5 vores hjemmeside. For eksempel kan en cookie give dig mulighed for at forts\u00e6tte med at handle uden at skulle genindtaste varer, der allerede er lagt i indk\u00f8bskurven. De fleste webbrowsere accepterer cookies, men menuen &#8220;hj\u00e6lp&#8221; p\u00e5 din browser b\u00f8r give dig muligheder for at forhindre, acceptere eller modtage meddelelse om nye cookies. Du kan konfigurere din webbrowser til at deaktivere cookies, men det kan forringe din brug af hjemmesiden.<\/p>\n<p><strong>Hvad med tredjepartslinks?<\/strong><br \/>\nDenne hjemmeside kan have hyperlinks til andre hjemmesider. Virksomheden er ikke ansvarlig for deres privatlivspraksis eller indhold. Vi opfordrer dig til at gennemg\u00e5 privatlivspolitikken for enhver hjemmeside, du bes\u00f8ger.<\/p>\n<p><strong>Sikkerhed<\/strong><br \/>\nSelvom virksomheden bestr\u00e6ber sig p\u00e5 at beskytte personlige data og brugernes privatliv, kan vi ikke garantere sikkerheden af \u200b\u200benhver information, du videregiver online, og du g\u00f8r det p\u00e5 egen risiko. Desv\u00e6rre kan ingen dataoverf\u00f8rsel over internettet garanteres at v\u00e6re 100 % sikker. Som et resultat, mens vi str\u00e6ber efter at beskytte dine personlige data, kan virksomheden ikke sikre eller garantere sikkerheden af \u200b\u200bnogen information, du sender til os eller fra vores onlineprodukter eller tjenester, og du g\u00f8r det p\u00e5 egen risiko. N\u00e5r vi modtager din transmission, g\u00f8r vi en rimelig indsats for at sikre dens sikkerhed p\u00e5 vores systemer.<\/p>\n<p><strong>Tredjepartsannoncering<\/strong><br \/>\nAnnoncer, der vises p\u00e5 webstedet, kan blive leveret til dig af en af \u200b\u200bvores annonceringspartnere. Vores annonceringspartnere kan bruge cookies. Dette g\u00f8r det muligt for annoncenetv\u00e6rket at genkende din computer, hver gang de sender dig en onlineannonce. P\u00e5 denne m\u00e5de kan annoncenetv\u00e6rk samle information om, hvor du eller andre, der bruger din computer, s\u00e5 deres annoncer og bestemme, hvilke annoncer der klikkes p\u00e5. Disse oplysninger g\u00f8r det muligt for et annoncenetv\u00e6rk at levere m\u00e5lrettede annoncer, som de mener vil v\u00e6re af st\u00f8rst interesse for dig. VACAYA har ikke adgang til eller kontrol over de cookies, der kan placeres p\u00e5 computeren af \u200b\u200bnogen form for anvendelse af tredjeparts annonceservere eller annoncenetv\u00e6rk.<\/p>\n<p><strong>Meddelelse til indbyggere i Californien<\/strong><br \/>\nI henhold til California Civil Code Section 1798.83 har indbyggere i Californien ret til at anmode skriftligt fra virksomheder, som de har et etableret forretningsforhold til, (a) en liste over de kategorier af personlige oplysninger, s\u00e5som navn, e-mail og postadresse og typen af \u200b\u200btjenester, der leveres til kunden, som en virksomhed har videregivet til tredjeparter (herunder tilknyttede selskaber, der er separate juridiske enheder) i l\u00f8bet af den umiddelbare forudg\u00e5ende kalender\u00e5r til tredjeparters direkte markedsf\u00f8ringsform\u00e5l og (b) navne og adresser p\u00e5 alle s\u00e5danne tredjeparter. For at anmode om ovenst\u00e5ende oplysninger bedes du kontakte os via e-mail til <strong><a href=\"mailto:marketing@myvacaya.com\">marketing@myvacaya.com<\/a><\/strong> eller skrive til os p\u00e5: Attn: California Privacy Rights Info Request, <strong><a href=\"mailto:info@myvacaya.com\">info@myvacaya.com<\/a><\/strong> . Vi vil besvare s\u00e5danne anmodninger om informationsadgang inden for 30 dage efter modtagelsen p\u00e5 den e-mail eller postadresse, der er angivet ovenfor. Bem\u00e6rk, at vi kun er forpligtet til at svare hver kunde \u00e9n gang pr. kalender\u00e5r.<\/p>\n<p>Derudover kr\u00e6ver californisk lovgivning, at vi angiver, om vi respekterer &#8220;Do Not Track&#8221;-indstillinger i din browser vedr\u00f8rende m\u00e5lrettet annoncering. Vi \u00e6ndrer i \u00f8jeblikket ikke vores praksis, n\u00e5r der modtages et Do Not Track-signal. Klik p\u00e5 <strong><a href=\"https:\/\/www.aboutads.info\/choices\" target=\"_blank\" rel=\"noopener\">www.aboutads.info\/choices<\/a><\/strong> for at l\u00e6re om Do Not Track og for at f\u00e5 oplysninger om, hvordan du frav\u00e6lger at modtage m\u00e5lrettet annoncering.<\/p>\n<p><strong>B\u00f8rn<\/strong><br \/>\nHjemmesiden er ikke beregnet til b\u00f8rn, og virksomheden indsamler ikke med vilje personlige data fra b\u00f8rn. Hvis du har grund til at tro, at vi har indsamlet personoplysninger fra en person under 13 \u00e5r, bedes du give os besked.<\/p>\n<p><strong>Hvordan frav\u00e6lger eller afmelder jeg mig?<\/strong><br \/>\nAlle e-mails, du modtager fra os, vil indeholde specifikke instruktioner om, hvordan du afmelder dig, og du kan til enhver tid afmelde dig.<\/p>\n<ul>\n<li>F\u00f8lg instruktionerne i enhver virksomheds e-mail; eller<\/li>\n<li>Send en e-mail til f\u00f8lgende adresse: <strong><a href=\"mailto:info@myvacaya.com\">info@myvacaya.com<\/a><\/strong> , Bem\u00e6rk: Sp\u00f8rgsm\u00e5l om beskyttelse af personlige oplysninger p\u00e5 webstedet<\/li>\n<\/ul>\n<p>Tillad venligst op til 2 uger for at blive afmeldt fra alle virksomhedens e-mails.<\/p>\n<p><strong>Krav<\/strong><br \/>\nHvis du mener, at virksomheden har handlet i strid med denne politik, bedes du give os besked enten p\u00e5 adressen ovenfor p\u00e5 <strong><a href=\"mailto:info@myvacaya.com\">info@myvacaya.com<\/a><\/strong> , og vi vil fors\u00f8ge at l\u00f8se din bekymring.[\/et_pb_text][\/et_pb_column][\/et_pb_row][\/et_pb_section]<\/p>\n","protected":false},"excerpt":{"rendered":"<p><div class=\"trip-overlay\"><div class=\"trip-title\"><h1>Rejsefliser med titel &#8211; Kun krydstogter<\/h1><\/div><\/div>Denne privatlivspolitik (&#8220;Politik&#8221;) g\u00e6lder for oplysninger modtaget af VACAYA (&#8220;Virksomheden&#8221;). Denne meddelelse beskriver vores privatlivspolitik (&#8220;Politik&#8221;) med hensyn til data indsamlet via vores hjemmeside, interaktive funktioner, applikationer, widgets, blogs, sociale netv\u00e6rk og sociale netv\u00e6rk eller medlemskabs &#8220;faner&#8221; og andre online eller tr\u00e5dl\u00f8se tilbud, der sender en link til denne privatlivspolitik, uanset om den er tilg\u00e5et [&hellip;]<\/p>\n","protected":false},"author":1,"featured_media":0,"parent":98469,"menu_order":0,"comment_status":"closed","ping_status":"closed","template":"","meta":{"_acf_changed":false,"_et_pb_use_builder":"on","_et_pb_old_content":"","_et_gb_content_width":"","_monsterinsights_skip_tracking":false,"_monsterinsights_sitenote_active":false,"_monsterinsights_sitenote_note":"","_monsterinsights_sitenote_category":0,"footnotes":""},"class_list":["post-98494","page","type-page","status-publish","hentry"],"acf":[],"_links":{"self":[{"href":"https:\/\/www.myvacaya.com\/da\/wp-json\/wp\/v2\/pages\/98494","targetHints":{"allow":["GET"]}}],"collection":[{"href":"https:\/\/www.myvacaya.com\/da\/wp-json\/wp\/v2\/pages"}],"about":[{"href":"https:\/\/www.myvacaya.com\/da\/wp-json\/wp\/v2\/types\/page"}],"author":[{"embeddable":true,"href":"https:\/\/www.myvacaya.com\/da\/wp-json\/wp\/v2\/users\/1"}],"replies":[{"embeddable":true,"href":"https:\/\/www.myvacaya.com\/da\/wp-json\/wp\/v2\/comments?post=98494"}],"version-history":[{"count":1,"href":"https:\/\/www.myvacaya.com\/da\/wp-json\/wp\/v2\/pages\/98494\/revisions"}],"predecessor-version":[{"id":98511,"href":"https:\/\/www.myvacaya.com\/da\/wp-json\/wp\/v2\/pages\/98494\/revisions\/98511"}],"up":[{"embeddable":true,"href":"https:\/\/www.myvacaya.com\/da\/wp-json\/wp\/v2\/pages\/98469"}],"wp:attachment":[{"href":"https:\/\/www.myvacaya.com\/da\/wp-json\/wp\/v2\/media?parent=98494"}],"curies":[{"name":"wp","href":"https:\/\/api.w.org\/{rel}","templated":true}]}}