{"id":98458,"date":"2018-02-10T15:04:40","date_gmt":"2018-02-10T20:04:40","guid":{"rendered":"https:\/\/www.myvacaya.com\/goer-dig-klar\/"},"modified":"2025-11-11T09:34:51","modified_gmt":"2025-11-11T14:34:51","slug":"goer-dig-klar","status":"publish","type":"page","link":"https:\/\/www.myvacaya.com\/da\/goer-dig-klar\/","title":{"rendered":"G\u00f8r dig klar"},"content":{"rendered":"<p>[et_pb_section fb_built=&#8221;1&#8243; fullwidth=&#8221;on&#8221; admin_label=&#8221;Slider&#8221; module_id=&#8221;skyder-sektion-interi\u00f8r&#8221; _builder_version=&#8221;4.17.6&#8243; _module_preset=&#8221;default&#8221; background_enable_image=&#8221;off&#8221; global_colors_info=&#8221;{}&#8221;][et_pb_fullwidth_code admin_label=&#8221;Slider Overlay&#8221; module_class=&#8221;interior-page-overlay&#8221; _builder_version=&#8221;4.17.6&#8243; _module_preset=&#8221;default&#8221; positioning=&#8221;absolute&#8221; position_origin_a=&#8221;top_right&#8221; position_origin_f=&#8221;top_right&#8221; z_index=&#8221;100&#8243; width=&#8221;50%&#8221; width_tablet=&#8221;50%&#8221; width_phone=&#8221;100%&#8221; width_last_edited=&#8221;on|phone&#8221; height=&#8221;100vh&#8221; global_colors_info=&#8221;{}&#8221;]<div class=\"trip-overlay\"><div class=\"trip-title\"><h1>G\u00f8r dig klar<\/h1><\/div><\/div>[\/et_pb_fullwidth_code][et_pb_fullwidth_slider show_arrows=&#8221;off&#8221; admin_label=&#8221;Slider Images&#8221; module_id=&#8221;slider-images&#8221; _builder_version=&#8221;4.17.6&#8243; _module_preset=&#8221;default&#8221; height=&#8221;100vh&#8221; auto=&#8221;on&#8221; global_colors_info=&#8221;{}&#8221;][et_pb_slide _builder_version=&#8221;4.17.6&#8243; _module_preset=&#8221;default&#8221; background_color=&#8221;RGBA(255,255,255,0)&#8221; background_enable_color=&#8221;on&#8221; background_image=&#8221;https:\/\/www.myvacaya.com\/wp-content\/uploads\/2022\/09\/get-ready.jpg&#8221; background_enable_image=&#8221;on&#8221; background_last_edited=&#8221;on|desktop&#8221; background_image_phone=&#8221;https:\/\/www.myvacaya.com\/wp-content\/uploads\/2022\/11\/get-ready-mobile-414&#215;500-1.jpg&#8221; background_enable_image_phone=&#8221;on&#8221; global_colors_info=&#8221;{}&#8221; sticky_transition=&#8221;on&#8221;][\/et_pb_slide][\/et_pb_fullwidth_slider][\/et_pb_section][et_pb_section fb_built=&#8221;1&#8243; custom_padding_last_edited=&#8221;on|phone&#8221; _builder_version=&#8221;4.17.6&#8243; _module_preset=&#8221;default&#8221; custom_padding=&#8221;||||false|false&#8221; custom_padding_tablet=&#8221;||||false|false&#8221; custom_padding_phone=&#8221;||||false|false&#8221; global_colors_info=&#8221;{}&#8221;][et_pb_row custom_padding_last_edited=&#8221;on|desktop&#8221; _builder_version=&#8221;4.17.6&#8243; _module_preset=&#8221;default&#8221; custom_padding=&#8221;||||false|false&#8221; custom_padding_tablet=&#8221;||||false|false&#8221; custom_padding_phone=&#8221;||||false|false&#8221; global_colors_info=&#8221;{}&#8221;][et_pb_column type=&#8221;4_4&#8243; _builder_version=&#8221;4.17.6&#8243; _module_preset=&#8221;default&#8221; global_colors_info=&#8221;{}&#8221;][et_pb_text admin_label=&#8221;Section Title &#8211; H2&#8243; _builder_version=&#8221;4.17.6&#8243; _module_preset=&#8221;default&#8221; text_letter_spacing=&#8221;1.8px&#8221; text_line_height=&#8221;22px&#8221; header_2_font=&#8221;Futura Bold|||on|||||&#8221; header_2_text_align=&#8221;center&#8221; header_2_text_color=&#8221;#000000&#8243; header_2_font_size=&#8221;30px&#8221; header_2_letter_spacing=&#8221;1.8px&#8221; header_2_line_height=&#8221;36px&#8221; header_3_font=&#8221;Futura Bold|||on|||||&#8221; header_3_text_align=&#8221;center&#8221; header_3_text_color=&#8221;#000000&#8243; header_3_font_size=&#8221;18px&#8221; header_3_letter_spacing=&#8221;1.8px&#8221; header_3_line_height=&#8221;24px&#8221; custom_margin=&#8221;||||false|false&#8221; custom_padding=&#8221;||||false|false&#8221; custom_padding_tablet=&#8221;||||false|false&#8221; custom_padding_phone=&#8221;||||false|false&#8221; custom_padding_last_edited=&#8221;on|phone&#8221; global_colors_info=&#8221;{}&#8221;]<\/p>\n<h2>Vores mission er at sikre, at du har alle v\u00e6rkt\u00f8jerne<br \/> n\u00f8dvendigt for at nyde din ferie med os<\/h2>\n<p>[\/et_pb_text][et_pb_text admin_label=&#8221;Text&#8221; _builder_version=&#8221;4.23.4&#8243; _module_preset=&#8221;default&#8221; custom_margin=&#8221;||||false|false&#8221; custom_margin_tablet=&#8221;||||false|false&#8221; custom_margin_phone=&#8221;||||false|false&#8221; custom_margin_last_edited=&#8221;on|phone&#8221; global_colors_info=&#8221;{}&#8221;]<\/p>\n<p>Vi giver dig al den information, du har brug for \u2013 fra festtemaer til en forh\u00e5ndsvisning af underholdning \u2013 i god tid f\u00f8r din ferie begynder. Derudover vil vi engagere dig med dig gennem hele din oplevelse f\u00f8r og efter ferien. Du hj\u00e6lper os med at designe og implementere vores rejsespecifikke velg\u00f8rende initiativer. Og i konkurrencer <em>i V\u00e6lg-dit-eget-eventyr<\/em> -stil, hj\u00e6lper du ogs\u00e5 med at skrive en del af manuskriptet til dit VACAYA-krydstogts- eller feriestedsferie.<\/p>\n<p>[\/et_pb_text][\/et_pb_column][\/et_pb_row][et_pb_row column_structure=&#8221;1_3,1_3,1_3&#8243; _builder_version=&#8221;4.23.4&#8243; _module_preset=&#8221;default&#8221; global_colors_info=&#8221;{}&#8221;][et_pb_column type=&#8221;1_3&#8243; _builder_version=&#8221;4.23.4&#8243; _module_preset=&#8221;default&#8221; global_colors_info=&#8221;{}&#8221;][et_pb_text admin_label=&#8221;Section Title &#8211; H3&#8243; _builder_version=&#8221;4.23.4&#8243; _module_preset=&#8221;default&#8221; header_3_font=&#8221;Futura Bold|||on|||||&#8221; header_3_text_align=&#8221;center&#8221; header_3_text_color=&#8221;#000000&#8243; header_3_font_size=&#8221;18px&#8221; header_3_letter_spacing=&#8221;1.8px&#8221; header_3_line_height=&#8221;24px&#8221; custom_margin=&#8221;||||false|false&#8221; custom_margin_tablet=&#8221;||||false|false&#8221; custom_margin_phone=&#8221;||||false|false&#8221; custom_margin_last_edited=&#8221;on|phone&#8221; custom_padding=&#8221;||||false|false&#8221; global_colors_info=&#8221;{}&#8221;]<\/p>\n<h3>Cirka 120 dage f\u00f8r din rejse<\/h3>\n<p>[\/et_pb_text][et_pb_text _builder_version=&#8221;4.23.4&#8243; _module_preset=&#8221;default&#8221; global_colors_info=&#8221;{}&#8221;]<\/p>\n<p>Vi har arbejdet i flere m\u00e5neder p\u00e5 at samle alt for dig, og vi kan ikke holde det inde l\u00e6ngere! Hvis du er ligesom os, ved vi, at du gerne vil begynde at g\u00f8re dig klar til din rejse. S\u00e5 cirka fire m\u00e5neder f\u00f8r din ferie <strong>vil vi annoncere vores festtemaer<\/strong> for vores ferier p\u00e5 store skibe og resorts. <strong>*<\/strong> Vi vil gerne fjerne stresset ved at skulle finde ud af, hvad du skal have p\u00e5 i sidste \u00f8jeblik, s\u00e5 du har masser af tid til at begynde at t\u00e6nke over og shoppe efter dine fantastiske individuelle og gruppekostumer. Selvf\u00f8lgelig er kostumer aldrig p\u00e5kr\u00e6vet, men uden tvivl bidrager de til det sjove!<\/p>\n<p>[\/et_pb_text][\/et_pb_column][et_pb_column type=&#8221;1_3&#8243; _builder_version=&#8221;4.23.4&#8243; _module_preset=&#8221;default&#8221; global_colors_info=&#8221;{}&#8221;][et_pb_text admin_label=&#8221;Section Title &#8211; H3&#8243; _builder_version=&#8221;4.23.4&#8243; _module_preset=&#8221;default&#8221; header_3_font=&#8221;Futura Bold|||on|||||&#8221; header_3_text_align=&#8221;center&#8221; header_3_text_color=&#8221;#000000&#8243; header_3_font_size=&#8221;18px&#8221; header_3_letter_spacing=&#8221;1.8px&#8221; header_3_line_height=&#8221;24px&#8221; custom_margin=&#8221;||||false|false&#8221; custom_margin_tablet=&#8221;||||false|false&#8221; custom_margin_phone=&#8221;||||false|false&#8221; custom_margin_last_edited=&#8221;on|phone&#8221; custom_padding=&#8221;||||false|false&#8221; global_colors_info=&#8221;{}&#8221;]<\/p>\n<h3>Cirka 45 dage f\u00f8r din rejse<\/h3>\n<p>[\/et_pb_text][et_pb_text _builder_version=&#8221;4.23.4&#8243; _module_preset=&#8221;default&#8221; global_colors_info=&#8221;{}&#8221;]<\/p>\n<p><strong>VACAYA Big-Ship Cruises:<\/strong> Cirka 45 dage <strong>**<\/strong> f\u00f8r dit krydstogt begynder nedt\u00e6llingen til din ferie <em>for alvor<\/em> ! Vi har indsendt vores endelige manifest til krydstogtselskabet, og <strong>dit officielle reservationsnummer vil blive genereret og givet til dig inden for 45 dage<\/strong> . Dit reservationsnummer er n\u00f8glen til at samle alt p\u00e5 forh\u00e5nd, herunder at lave spa-aftaler, reservere udflugter p\u00e5 land og finde det helt rigtige tidspunkt til at nyde en af \u200b\u200bvores uds\u00f8gte specialrestauranter. Og, selvf\u00f8lgelig, hvis du ikke er en planl\u00e6gger, har du mulighed for at booke mange af disse ekstramateriale ombord. Men husk &#8230; n\u00e6sten alt er baseret p\u00e5 f\u00f8rst-til-m\u00f8lle-reglen, s\u00e5 du f\u00e5r lyst til at f\u00e5 dem, mens det er godt!<\/p>\n<p><strong>VACAYA Resorts &amp; Tours:<\/strong> For vores resort- og turprogrammer (som ikke har et &#8220;Booking Number&#8221;-\u00e6kvivalent) frigiver vi programspecifikke oplysninger cirka 45 dage f\u00f8r feriebegivenheden.<\/p>\n<p><strong>VACAYA Small-Ship Cruises:<\/strong> For vores sm\u00e5skibsprogrammer (som varierer meget afh\u00e6ngigt af krydstogtsrederiet, vi arbejder med), udgiver vi programspecifikke oplysninger cirka 45 dage f\u00f8r din ferie.<\/p>\n<p>For en dybere forst\u00e5else af forskellene mellem vores Big-Ship-, Small-Ship- og Resorts &amp; Tours-oplevelser, <a href=\"https:\/\/www.myvacaya.com\/da\/opdage\/vacaya-oplevelser\/\" target=\"_blank\" rel=\"noopener\">s\u00e5 UDFORSK HER<\/a> .<\/p>\n<p>[\/et_pb_text][\/et_pb_column][et_pb_column type=&#8221;1_3&#8243; _builder_version=&#8221;4.23.4&#8243; _module_preset=&#8221;default&#8221; global_colors_info=&#8221;{}&#8221;][et_pb_text admin_label=&#8221;Section Title &#8211; H3&#8243; _builder_version=&#8221;4.23.4&#8243; _module_preset=&#8221;default&#8221; header_3_font=&#8221;Futura Bold|||on|||||&#8221; header_3_text_align=&#8221;center&#8221; header_3_text_color=&#8221;#000000&#8243; header_3_font_size=&#8221;18px&#8221; header_3_letter_spacing=&#8221;1.8px&#8221; header_3_line_height=&#8221;24px&#8221; custom_margin=&#8221;||||false|false&#8221; custom_margin_tablet=&#8221;||||false|false&#8221; custom_margin_phone=&#8221;||||false|false&#8221; custom_margin_last_edited=&#8221;on|phone&#8221; custom_padding=&#8221;||||false|false&#8221; global_colors_info=&#8221;{}&#8221;]<\/p>\n<h3>Den sidste nedt\u00e6lling<\/h3>\n<p>[\/et_pb_text][et_pb_text _builder_version=&#8221;4.23.4&#8243; _module_preset=&#8221;default&#8221; global_colors_info=&#8221;{}&#8221;]<\/p>\n<p>I l\u00f8bet af de sidste <strong>30 dage f\u00f8r din rejse<\/strong> er det, hvor vi ved, at du vil begynde at BRUGE af sp\u00e6nding, n\u00e5r vi deler en underholdnings-forh\u00e5ndsvisning og de aktiviteter, der vil bringe din VACAYA-oplevelse til live!<\/p>\n<p>S\u00f8rg for at holde godt \u00f8je med din indbakke i denne periode. Vi vil kommunikere vigtige oplysninger til dig via e-mail, som helt sikkert vil berige din rejse. Derudover er din rejses Bliv klar-side (som du kan f\u00e5 adgang til ved at klikke p\u00e5 din rejse fra listen nedenfor) din go-to-source for alle vigtige oplysninger om din ferie. Et e-mail-arkiv er ogs\u00e5 placeret p\u00e5 hver Bliv klar-side. Vi gemmer alle vores service-e-mails til g\u00e6ster i dette arkiv. S\u00e5 hvis du har sv\u00e6rt ved at finde en gammel e-mail, kan du altid kigge her for at blive opdateret.  <\/p>\n<p>[\/et_pb_text][\/et_pb_column][\/et_pb_row][et_pb_row _builder_version=&#8221;4.17.6&#8243; _module_preset=&#8221;default&#8221; global_colors_info=&#8221;{}&#8221;][et_pb_column type=&#8221;4_4&#8243; _builder_version=&#8221;4.17.6&#8243; _module_preset=&#8221;default&#8221; global_colors_info=&#8221;{}&#8221;][et_pb_text _builder_version=&#8221;4.23.4&#8243; _module_preset=&#8221;default&#8221; custom_padding=&#8221;2.5%|10%|2.5%|10%|false|false&#8221; hover_enabled=&#8221;0&#8243; border_width_all=&#8221;1px&#8221; border_color_all=&#8221;#000000&#8243; global_colors_info=&#8221;{}&#8221; sticky_enabled=&#8221;0&#8243;]<\/p>\n<p style=\"font-weight: 400;\"><strong>*En vigtig bem\u00e6rkning om VACAYAs signaturfester: Hjerteslaget i din destinationsoplevelse!<\/strong><\/p>\n<p style=\"font-weight: 400;\">Uanset om du sejler p\u00e5 det \u00e5bne hav eller udforsker eksotiske resorts, tror vi hos VACAYA p\u00e5, at vores fester er selve sj\u00e6len i dit eventyr. Hver rejsetype har sine egne signaturfestligheder, der er designet til at bringe alle sammen, fejre og skabe uforglemmelige minder. Her er et kig p\u00e5, hvad du kan forvente med hver VACAYA-rejsetype\u2026  <\/p>\n<p>&nbsp;<\/p>\n<p style=\"font-weight: 400;\"><strong>STORE SKIBSKRYDSTOGTER: S\u00e6t sejl til fest!<\/strong><\/p>\n<p style=\"font-weight: 400;\"><strong>Nat 1 \u2013 DETTE ER MIG<\/strong><br \/> Spark af med stil! Tag noget p\u00e5, der fort\u00e6ller andre, hvem du er, og hvor du kommer fra. <\/p>\n<p style=\"font-weight: 400;\"><strong>Dag 2 \u2013 Vores f\u00f8rste V-Dance (eftermiddagsfest): STOPLYSFEST<\/strong><br \/> En farverig m\u00e5de at mingle p\u00e5! Single og klar til at mingle? G\u00e5 GR\u00d8N! Bare her for at slappe af og f\u00e5 platoniske venner? B\u00e6r R\u00d8DT. Et magisk sted midt imellem? GUL er din farve til at fort\u00e6lle historien.<\/p>\n<p><strong>P\u00e5 en tilf\u00e6ldig dag eller aften \u2013 V\u00c6LG DIN EGEN EVENTYRFEST<\/strong><br \/> Vores CYOA-FEST er DIN chance for at bestemme festens tema. Vi modtager online bidrag fra alle, og derefter v\u00e6lger deltagerne det vindende festtema fra V-holdets liste over finalister. <\/p>\n<p style=\"font-weight: 400;\"><strong>Aften 5 \u2013 EN &#8220;FARVE&#8221;-FEST<\/strong><br \/> Historisk set har dette v\u00e6ret en R\u00d8D FEST, men vi g\u00e5r videre! S\u00e5 p\u00e5 hvert 7-n\u00e6tters VACAYA-krydstogt med et stort skib vil vores st\u00f8rste fest i ugen p\u00e5 aften 5 eksplodere med farver, n\u00e5r vi inviterer Vacayan-g\u00e6ster til at kl\u00e6de sig i en enkelt farve for at imponere og forvandle hele skibet til et hav af levende selvudfoldelse og forbindelse. Bl\u00e5 kunne fremkalde oceanisk coolness og denimfantasi. Lilla kunne kanalisere kongelig glamour og disco-majest\u00e6t. Eller Orange kunne ant\u00e6nde fyrig sjov med tropiske solnedgangsvibes og dristig retro-stil. Dit V-team v\u00e6lger turens fremh\u00e6vede farve, og den vil blive annonceret 120 dage f\u00f8r afgang.<\/p>\n<p style=\"font-weight: 400;\"><strong>Dag 7 \u2013 Sidste V-dans: HUN ER ET ROD!<\/strong><br \/>Kl\u00e6d dig ud som en herlig blanding af dine uges kostumer, hvor du har et stykke fra hvert af dine tidligere kostumer p\u00e5. V\u00e6r s\u00e5 legesyg og s\u00e5 fjollet, som du vil, n\u00e5r vores ugens yndlings-V-Dance er den perfekte afslutning p\u00e5 dit krydstogt! <\/p>\n<p style=\"font-weight: 400;\">Ud over disse signaturfester er andre fester inspireret af begivenheder \u2013 fra OL til helligdagsfester \u2013 der \u00e6ndrer sig med hvert eventyr. De resterende festtemaer annonceres 120 dage f\u00f8r krydstogtets start. <\/p>\n<p>&nbsp;<\/p>\n<p style=\"font-weight: 400;\"><strong>RESORTS: Dit hjem v\u00e6k fra hjemmets bedste natteliv!<\/strong><strong> <\/strong><\/p>\n<p style=\"font-weight: 400;\"><strong>Nat 1 \u2013 DETTE ER MIG<\/strong><br \/> Det samme som p\u00e5 krydstogtskibe &#8230; vis frem, hvem du er, med et sjovt outfit, der s\u00e6tter gang i samtaler.<\/p>\n<p style=\"font-weight: 400;\"><strong>Dag 2 \u2013 STOPLYSFEST<\/strong><br \/> Samme farver som krydstogtet \u2013 gr\u00f8n for singler, r\u00f8d for venner, gul for dem der er midt i mellem.<\/p>\n<p style=\"font-weight: 400;\"><strong>Normalt dag 4 eller dag 7 \u2013 BOGSTAV V-DANS<\/strong><br \/> Vi v\u00e6lger et bogstav i alfabetet, og du og dine venner tager kostumer p\u00e5, der starter med det bogstav. Simpelt og fjollet! <\/p>\n<p style=\"font-weight: 400;\">Alle andre festtemaer bestemmes af jeres V-team og offentligg\u00f8res 120 dage f\u00f8r arrangementets start.<\/p>\n<p style=\"font-weight: 400;\"><strong> <\/strong><\/p>\n<p style=\"font-weight: 400;\"><strong>Krydstogter med sm\u00e5 skibe: Intimt og legende<\/strong><\/p>\n<p style=\"font-weight: 400;\">Selvom stemningen her er mere cocktailparty-chic, elsker vi stadig et strejf af kostumesjov!<\/p>\n<p style=\"font-weight: 400;\"><strong>Nat 1 \u2013 DETTE ER MIG<\/strong><br \/> Personligg\u00f8r dit look og pr\u00e6senter dig selv med stil.<\/p>\n<p style=\"font-weight: 400;\"><strong>Tilf\u00e6ldig aften \u2013 BADEK\u00c5BEAFTEN!<\/strong><br \/>Snup den hyggelige morgenk\u00e5be fra din kahyt, pynt den med ting fra hjemmet, og brug den hele aftenen lang fra kl. 18.00. Denne aften slutter ofte med, at alle smider deres morgenk\u00e5ber og nyder en fr\u00e6k <strong>UNDERT\u00d8JSFEST.<\/strong> <\/p>\n<p>Ud over disse to aftener introducerer vi normalt ogs\u00e5 to eller tre \u00e5rti-inspirerede musikaftener (for eksempel en <strong>80&#8217;er-FEST<\/strong> ).<\/p>\n<p>&nbsp;<\/p>\n<p style=\"font-weight: 400;\"><strong>TURE: Udforskninger uden kostumekaos!<\/strong><\/p>\n<p style=\"font-weight: 400;\">De fleste af vores destinationsfokuserede ture handler om opdagelse, langt fra festterr\u00e6n. Du kan nyde en middag eller cocktails sammen, men der er ingen grund til at pakke kostumer. Bare tag din eventyrlyst med!  <\/p>\n<p>&nbsp;<\/p>\n<p style=\"font-weight: 400;\">Uanset rejsetypen er VACAYAs signaturfester din chance for at m\u00f8des, danse, fnise og fejre alt det, der g\u00f8r din rejse ekstraordin\u00e6r. S\u00e5 lad os skabe nogle uforglemmelige minder &#8230; \u00e9n signaturfest ad gangen! <\/p>\n<p>[\/et_pb_text][et_pb_text _builder_version=&#8221;4.23.4&#8243; _module_preset=&#8221;default&#8221; custom_padding=&#8221;2.5%|10%|2.5%|10%|false|false&#8221; border_width_all=&#8221;1px&#8221; border_color_all=&#8221;#000000&#8243; global_colors_info=&#8221;{}&#8221;]<\/p>\n<p><strong><span class=\"yellow\">**<\/span> Bem\u00e6rk venligst:<\/strong><br \/> VACAYA samarbejder med alle de store krydstogtrederier, og nogle \u00e5bner ikke online tilmelding f\u00f8r t\u00e6ttere p\u00e5 sejldatoen. Vi vil naturligvis kommunikere dette til dig fra starten, hvis det er tilf\u00e6ldet med et bestemt program. Du vil have en fuld forst\u00e5else af den forventede tidslinje fra det \u00f8jeblik, du bestiller hos os.<\/p>\n<p>[\/et_pb_text][et_pb_text _builder_version=&#8221;4.17.6&#8243; _module_preset=&#8221;default&#8221; custom_margin=&#8221;4%||||false|false&#8221; custom_padding=&#8221;2.5%|10%|2.5%|10%|false|false&#8221; border_width_all=&#8221;1px&#8221; border_color_all=&#8221;#000000&#8243; global_colors_info=&#8221;{}&#8221;]<div id=\"ajax-load-more\" class=\"ajax-load-more-wrap default\" data-id=\"experience-items\" data-alm-id=\"\" data-canonical-url=\"https:\/\/www.myvacaya.com\/da\/goer-dig-klar\/\" data-slug=\"goer-dig-klar\" data-post-id=\"98458\"  data-localized=\"ajax_load_more_experience_items_vars\" data-alm-object=\"ajax_load_more_experience_items\"><ul aria-live=\"polite\" aria-atomic=\"true\" class=\"alm-listing alm-ajax\" data-container-type=\"ul\" data-loading-style=\"default\" data-repeater=\"template_5\" data-post-type=\"trip\" data-meta-key=\"show_trip_tile\" data-meta-value=\"1\" data-custom-args=\"post_parent: 0\" data-order=\"ASC\" data-orderby=\"date\" data-offset=\"0\" data-posts-per-page=\"20\" data-lang=\"da\" data-scroll=\"false\" data-button-label=\"Load More\" data-prev-button-label=\"Load Previous\" data-destroy-after=\"1\"><\/ul><div class=\"alm-btn-wrap\" data-rel=\"ajax-load-more\"><button class=\"alm-load-more-btn\" type=\"button\">Load More<\/button><\/div><\/div>[\/et_pb_text][\/et_pb_column][\/et_pb_row][\/et_pb_section][et_pb_section fb_built=&#8221;1&#8243; admin_label=&#8221;Side to Side&#8221; _builder_version=&#8221;4.17.6&#8243; _module_preset=&#8221;default&#8221; custom_padding=&#8221;0%||0%||false|false&#8221; global_colors_info=&#8221;{}&#8221;][et_pb_row use_custom_gutter=&#8221;on&#8221; make_equal=&#8221;on&#8221; custom_padding_last_edited=&#8221;on|tablet&#8221; admin_label=&#8221;Side til side r\u00e6kke&#8221; module_class=&#8221;social-media-header side-by-side&#8221; _builder_version=&#8221;4.17.6&#8243; _module_preset=&#8221;default&#8221; background_image=&#8221;https:\/\/www.myvacaya.com\/wp-content\/uploads\/2022\/09\/social-media-full-size.png&#8221; parallax=&#8221;on&#8221; width=&#8221;100%&#8221; height=&#8221;600px&#8221; height_tablet=&#8221;600px&#8221; height_phone=&#8221;auto&#8221; height_last_edited=&#8221;on|phone&#8221; custom_padding=&#8221;20%||20%||false|false&#8221; custom_padding_tablet=&#8221;20%||20%||false|false&#8221; custom_padding_phone=&#8221;20%||20%||false|false&#8221; custom_css_main_element=&#8221;margin: auto;&#8221; global_colors_info=&#8221;{}&#8221;][et_pb_column type=&#8221;4_4&#8243; _builder_version=&#8221;4.17.6&#8243; _module_preset=&#8221;default&#8221; custom_css_main_element=&#8221;display: flex;||flex-direction: column;||justify-content: center;&#8221; global_colors_info=&#8221;{}&#8221;][et_pb_text admin_label=&#8221;Side to Side Text&#8221; _builder_version=&#8221;4.17.6&#8243; _module_preset=&#8221;default&#8221; header_3_font=&#8221;Northwell Alt||||||||&#8221; header_3_text_align=&#8221;center&#8221; header_3_text_color=&#8221;#FFFFFF&#8221; header_3_font_size=&#8221;150px&#8221; header_3_line_height=&#8221;153px&#8221; custom_margin_tablet=&#8221;&#8221; custom_margin_phone=&#8221;&#8221; custom_margin_last_edited=&#8221;on|phone&#8221; scroll_fade_enable=&#8221;on&#8221; scroll_blur_enable=&#8221;on&#8221; header_3_font_size_tablet=&#8221;150px&#8221; header_3_font_size_phone=&#8221;40px&#8221; header_3_font_size_last_edited=&#8221;on|phone&#8221; header_3_line_height_tablet=&#8221;153px&#8221; header_3_line_height_phone=&#8221;43px&#8221; header_3_line_height_last_edited=&#8221;on|phone&#8221; global_colors_info=&#8221;{}&#8221;]<\/p>\n<h3>Nemt var aldrig<br \/>\n denne sjove<\/h3>\n<p>[\/et_pb_text][\/et_pb_column][\/et_pb_row][\/et_pb_section]<\/p>\n","protected":false},"excerpt":{"rendered":"<p><div class=\"trip-overlay\"><div class=\"trip-title\"><h1>Rejsefliser med titel &#8211; Kun krydstogter<\/h1><\/div><\/div>Vores mission er at sikre, at du har alle v\u00e6rkt\u00f8jerne n\u00f8dvendigt for at nyde din ferie med osVi giver dig al den information, du har brug for \u2013 fra festtemaer til en forh\u00e5ndsvisning af underholdning \u2013 i god tid f\u00f8r din ferie begynder. Derudover vil vi engagere dig med dig gennem hele din oplevelse f\u00f8r [&hellip;]<\/p>\n","protected":false},"author":1,"featured_media":0,"parent":0,"menu_order":0,"comment_status":"closed","ping_status":"closed","template":"","meta":{"_acf_changed":false,"_et_pb_use_builder":"on","_et_pb_old_content":"","_et_gb_content_width":"","_monsterinsights_skip_tracking":false,"_monsterinsights_sitenote_active":false,"_monsterinsights_sitenote_note":"","_monsterinsights_sitenote_category":0,"footnotes":""},"class_list":["post-98458","page","type-page","status-publish","hentry"],"acf":[],"_links":{"self":[{"href":"https:\/\/www.myvacaya.com\/da\/wp-json\/wp\/v2\/pages\/98458","targetHints":{"allow":["GET"]}}],"collection":[{"href":"https:\/\/www.myvacaya.com\/da\/wp-json\/wp\/v2\/pages"}],"about":[{"href":"https:\/\/www.myvacaya.com\/da\/wp-json\/wp\/v2\/types\/page"}],"author":[{"embeddable":true,"href":"https:\/\/www.myvacaya.com\/da\/wp-json\/wp\/v2\/users\/1"}],"replies":[{"embeddable":true,"href":"https:\/\/www.myvacaya.com\/da\/wp-json\/wp\/v2\/comments?post=98458"}],"version-history":[{"count":67,"href":"https:\/\/www.myvacaya.com\/da\/wp-json\/wp\/v2\/pages\/98458\/revisions"}],"predecessor-version":[{"id":187073,"href":"https:\/\/www.myvacaya.com\/da\/wp-json\/wp\/v2\/pages\/98458\/revisions\/187073"}],"wp:attachment":[{"href":"https:\/\/www.myvacaya.com\/da\/wp-json\/wp\/v2\/media?parent=98458"}],"curies":[{"name":"wp","href":"https:\/\/api.w.org\/{rel}","templated":true}]}}