{"id":181165,"date":"2025-04-23T11:22:56","date_gmt":"2025-04-23T15:22:56","guid":{"rendered":"https:\/\/www.myvacaya.com\/velkommen-slay-rangers\/"},"modified":"2025-04-23T11:49:57","modified_gmt":"2025-04-23T15:49:57","slug":"velkommen-slay-rangers","status":"publish","type":"page","link":"https:\/\/www.myvacaya.com\/da\/velkommen-slay-rangers\/","title":{"rendered":"VELKOMMEN SLAY RANGERS!"},"content":{"rendered":"<p>[et_pb_section fb_built=&#8221;1&#8243; fullwidth=&#8221;on&#8221; admin_label=&#8221;Slider&#8221; module_id=&#8221;skyder-sektion-interi\u00f8r&#8221; _builder_version=&#8221;4.17.6&#8243; _module_preset=&#8221;default&#8221; background_enable_image=&#8221;off&#8221; global_colors_info=&#8221;{}&#8221;][et_pb_fullwidth_code admin_label=&#8221;Slider Overlay&#8221; module_class=&#8221;interior-page-overlay&#8221; _builder_version=&#8221;4.17.6&#8243; _module_preset=&#8221;default&#8221; positioning=&#8221;absolute&#8221; position_origin_a=&#8221;top_right&#8221; position_origin_f=&#8221;top_right&#8221; z_index=&#8221;100&#8243; width=&#8221;50%&#8221; width_tablet=&#8221;50%&#8221; width_phone=&#8221;100%&#8221; width_last_edited=&#8221;on|phone&#8221; height=&#8221;100vh&#8221; global_colors_info=&#8221;{}&#8221;]<div class=\"trip-overlay\"><div class=\"trip-title\"><h1>VELKOMMEN SLAY RANGERS!<\/h1><\/div><\/div>[\/et_pb_fullwidth_code][et_pb_fullwidth_slider show_arrows=&#8221;off&#8221; admin_label=&#8221;Slider Images&#8221; module_id=&#8221;slider-images&#8221; _builder_version=&#8221;4.23.4&#8243; _module_preset=&#8221;default&#8221; height=&#8221;100vh&#8221; auto=&#8221;on&#8221; global_colors_info=&#8221;{}&#8221;][et_pb_slide _builder_version=&#8221;4.23.4&#8243; _module_preset=&#8221;default&#8221; background_color=&#8221;RGBA(255,255,255,0)&#8221; background_enable_color=&#8221;on&#8221; background_image=&#8221;https:\/\/www.myvacaya.com\/wp-content\/uploads\/2025\/04\/Mexico-DD-Desktop-Hero-1920&#215;1020-1.jpg&#8221; background_enable_image=&#8221;on&#8221; background_last_edited=&#8221;on|phone&#8221; background_image_phone=&#8221;https:\/\/www.myvacaya.com\/wp-content\/uploads\/2025\/04\/Mexico-DD-Mobile-Hero-1080&#215;1920-1.jpg&#8221; background_enable_image_phone=&#8221;on&#8221; global_colors_info=&#8221;{}&#8221; sticky_transition=&#8221;on&#8221;][\/et_pb_slide][\/et_pb_fullwidth_slider][\/et_pb_section][et_pb_section fb_built=&#8221;1&#8243; custom_padding_last_edited=&#8221;on|phone&#8221; _builder_version=&#8221;4.17.6&#8243; _module_preset=&#8221;default&#8221; custom_padding=&#8221;||||false|false&#8221; custom_padding_tablet=&#8221;||||false|false&#8221; custom_padding_phone=&#8221;||||false|false&#8221; global_colors_info=&#8221;{}&#8221;][et_pb_row custom_padding_last_edited=&#8221;on|desktop&#8221; _builder_version=&#8221;4.17.6&#8243; _module_preset=&#8221;default&#8221; custom_padding=&#8221;||||false|false&#8221; custom_padding_tablet=&#8221;||||false|false&#8221; custom_padding_phone=&#8221;||||false|false&#8221; global_colors_info=&#8221;{}&#8221;][et_pb_column type=&#8221;4_4&#8243; _builder_version=&#8221;4.17.6&#8243; _module_preset=&#8221;default&#8221; global_colors_info=&#8221;{}&#8221;][et_pb_text admin_label=&#8221;Section Title &#8211; H2&#8243; _builder_version=&#8221;4.23.4&#8243; _module_preset=&#8221;default&#8221; text_letter_spacing=&#8221;1.8px&#8221; text_line_height=&#8221;22px&#8221; header_2_font=&#8221;Futura Bold|||on|||||&#8221; header_2_text_align=&#8221;center&#8221; header_2_text_color=&#8221;#000000&#8243; header_2_font_size=&#8221;30px&#8221; header_2_letter_spacing=&#8221;1.8px&#8221; header_2_line_height=&#8221;36px&#8221; header_3_font=&#8221;Futura Bold|||on|||||&#8221; header_3_text_align=&#8221;center&#8221; header_3_text_color=&#8221;#000000&#8243; header_3_font_size=&#8221;18px&#8221; header_3_letter_spacing=&#8221;1.8px&#8221; header_3_line_height=&#8221;24px&#8221; custom_margin=&#8221;||||false|false&#8221; custom_padding=&#8221;||||false|false&#8221; custom_padding_tablet=&#8221;||||false|false&#8221; custom_padding_phone=&#8221;||||false|false&#8221; custom_padding_last_edited=&#8221;on|phone&#8221; global_colors_info=&#8221;{}&#8221;]<\/p>\n<h2>Den ultimative Gaymer Quest venter p\u00e5 Camp VACAYA<\/h2>\n<p>[\/et_pb_text][dmpro_carousel columns=&#8221;2&#8243; space_between=&#8221;35&#8243; container_padding=&#8221;4%|0%|4%|2%|false|false&#8221; loop=&#8221;on&#8221; autoplay=&#8221;on&#8221; pause_on_hover=&#8221;off&#8221; navigation=&#8221;on&#8221; navigation_prev_icon_yn=&#8221;on&#8221; navigation_prev_icon=&#8221;&#x34;||divi||400&#8243; navigation_next_icon_yn=&#8221;on&#8221; navigation_next_icon=&#8221;&#x35;||divi||400&#8243; navigation_color=&#8221;#000000&#8243; columns_tablet=&#8221;3&#8243; columns_phone=&#8221;1&#8243; columns_last_edited=&#8221;on|phone&#8221; container_padding_tablet=&#8221;&#8221; container_padding_phone=&#8221;||0%||false|false&#8221; container_padding_last_edited=&#8221;on|phone&#8221; _builder_version=&#8221;4.23.4&#8243; _module_preset=&#8221;default&#8221; title_font=&#8221;Futura Bold||||||||&#8221; title_font_size=&#8221;18px&#8221; title_letter_spacing=&#8221;0.1em&#8221; title_line_height=&#8221;24px&#8221; hover_transition_speed_curve=&#8221;ease-in&#8221; scroll_fade_enable=&#8221;on&#8221; global_colors_info=&#8221;{}&#8221;][dmpro_carousel_child title=&#8221;DD1&#8243; img_src=&#8221;https:\/\/www.myvacaya.com\/wp-content\/uploads\/2025\/04\/1.-DD-Carousel.jpg&#8221; text_title=&#8221;DD1&#8243; _builder_version=&#8221;4.23.4&#8243; _module_preset=&#8221;default&#8221; title_font_size=&#8221;24px&#8221; title_line_height=&#8221;27px&#8221; global_colors_info=&#8221;{}&#8221;][\/dmpro_carousel_child][dmpro_carousel_child title=&#8221;DD2&#8243; img_src=&#8221;https:\/\/www.myvacaya.com\/wp-content\/uploads\/2025\/04\/2.-DD-Carousel.jpg&#8221; text_title=&#8221;DD2&#8243; _builder_version=&#8221;4.23.4&#8243; _module_preset=&#8221;default&#8221; title_font_size=&#8221;24px&#8221; title_line_height=&#8221;27px&#8221; global_colors_info=&#8221;{}&#8221;][\/dmpro_carousel_child][dmpro_carousel_child title=&#8221;DD3&#8243; img_src=&#8221;https:\/\/www.myvacaya.com\/wp-content\/uploads\/2025\/04\/3.-DD-Carousel.jpg&#8221; text_title=&#8221;DD3&#8243; _builder_version=&#8221;4.23.4&#8243; _module_preset=&#8221;default&#8221; title_font_size=&#8221;24px&#8221; title_line_height=&#8221;27px&#8221; global_colors_info=&#8221;{}&#8221;][\/dmpro_carousel_child][dmpro_carousel_child title=&#8221;DD4&#8243; img_src=&#8221;https:\/\/www.myvacaya.com\/wp-content\/uploads\/2025\/04\/4.-DD-Carousel.jpg&#8221; text_title=&#8221;DD4&#8243; _builder_version=&#8221;4.23.4&#8243; _module_preset=&#8221;default&#8221; title_font_size=&#8221;24px&#8221; title_line_height=&#8221;27px&#8221; global_colors_info=&#8221;{}&#8221;][\/dmpro_carousel_child][dmpro_carousel_child title=&#8221;DD5&#8243; img_src=&#8221;https:\/\/www.myvacaya.com\/wp-content\/uploads\/2025\/04\/5.-DD-Carousel.jpg&#8221; text_title=&#8221;DD5&#8243; _builder_version=&#8221;4.23.4&#8243; _module_preset=&#8221;default&#8221; title_font_size=&#8221;24px&#8221; title_line_height=&#8221;27px&#8221; global_colors_info=&#8221;{}&#8221;][\/dmpro_carousel_child][\/dmpro_carousel][et_pb_text _builder_version=&#8221;4.23.4&#8243; _module_preset=&#8221;default&#8221; custom_margin=&#8221;||||false|false&#8221; custom_margin_tablet=&#8221;||||false|false&#8221; custom_margin_phone=&#8221;||||false|false&#8221; custom_margin_last_edited=&#8221;on|phone&#8221; global_colors_info=&#8221;{}&#8221;]G\u00f8r dig klar til at g\u00e5 op i niveau ved Slay Rangers, en episk spilbegivenhed p\u00e5 Camp VACAYA i Vallarta! Uanset om du er en br\u00e6tspilselsker eller en Dungeons &amp; Dragons-mester, er der noget for enhver gamer. Dyk ned i sp\u00e6ndende bordplade-RPG&#8217;er, udfordr dine venner i klassiske br\u00e6tspil, eller l\u00e6n dig tilbage og se live-play-begivenheder udfolde sig. Det er det perfekte sted at kaste terningerne, m\u00f8de andre spillere og skabe legendariske minder. G\u00e5 ikke glip af handlingen &#8211; lad os spille videre p\u00e5 Camp VACAYA![\/et_pb_text][dmpro_carousel columns=&#8221;2&#8243; space_between=&#8221;35&#8243; container_padding=&#8221;4%|0%|4%|2%|false|false&#8221; loop=&#8221;on&#8221; autoplay=&#8221;on&#8221; pause_on_hover=&#8221;off&#8221; navigation=&#8221;on&#8221; navigation_prev_icon_yn=&#8221;on&#8221; navigation_prev_icon=&#8221;&#x34;||divi||400&#8243; navigation_next_icon_yn=&#8221;on&#8221; navigation_next_icon=&#8221;&#x35;||divi||400&#8243; navigation_color=&#8221;#000000&#8243; columns_tablet=&#8221;3&#8243; columns_phone=&#8221;1&#8243; columns_last_edited=&#8221;on|phone&#8221; container_padding_tablet=&#8221;&#8221; container_padding_phone=&#8221;||0%||false|false&#8221; container_padding_last_edited=&#8221;on|phone&#8221; _builder_version=&#8221;4.23.4&#8243; _module_preset=&#8221;default&#8221; title_font=&#8221;Futura Bold||||||||&#8221; title_font_size=&#8221;18px&#8221; title_letter_spacing=&#8221;0.1em&#8221; title_line_height=&#8221;24px&#8221; hover_transition_speed_curve=&#8221;ease-in&#8221; scroll_fade_enable=&#8221;on&#8221; global_colors_info=&#8221;{}&#8221;][dmpro_carousel_child title=&#8221;BEDSTE V\u00c6RDI FOR BUDGETBEVISTE REJSER&#8221; img_src=&#8221;https:\/\/www.myvacaya.com\/wp-content\/uploads\/2022\/11\/Carousel-budget-travelers-1.jpg&#8221; text_title=&#8221;BEDSTE V\u00c6RDI FOR BUDGETBEVISTE REJSER&#8221; _builder_version=&#8221;4.23.4&#8243; _module_preset=&#8221;default&#8221; title_font_size=&#8221;24px&#8221; title_line_height=&#8221;27px&#8221; global_colors_info=&#8221;{}&#8221;][\/dmpro_carousel_child][dmpro_carousel_child title=&#8221;LGBT+ RESORT OVERTAGELSE&#8221; img_src=&#8221;https:\/\/www.myvacaya.com\/wp-content\/uploads\/2022\/11\/Carousel-Resort-Take-Over-1.jpg&#8221; text_title=&#8221;LGBT+ RESORT OVERTAGELSE&#8221; _builder_version=&#8221;4.23.4&#8243; _module_preset=&#8221;default&#8221; title_font_size=&#8221;24px&#8221; title_line_height=&#8221;27px&#8221; global_colors_info=&#8221;{}&#8221;][\/dmpro_carousel_child][dmpro_carousel_child title=&#8221;TRE MOUSTERENDE SV\u00d8MMEBASSER&#8221; img_src=&#8221;https:\/\/www.myvacaya.com\/wp-content\/uploads\/2022\/11\/Carousel-3-sparkling-pools-1.jpg&#8221; text_title=&#8221;TRE MOUSTERENDE SV\u00d8MMEBASSER&#8221; _builder_version=&#8221;4.23.4&#8243; _module_preset=&#8221;default&#8221; title_font_size=&#8221;24px&#8221; title_line_height=&#8221;27px&#8221; global_colors_info=&#8221;{}&#8221;][\/dmpro_carousel_child][dmpro_carousel_child title=&#8221;ET T\u00d8J VALGFRI VADEPOOL&#8221; img_src=&#8221;https:\/\/www.myvacaya.com\/wp-content\/uploads\/2022\/11\/Carousel-clothing-optional-pool-1.jpg&#8221; text_title=&#8221;\u00c9N T\u00d8J VALGFRI POOL&#8221; _builder_version=&#8221;4.23.4&#8243; _module_preset=&#8221;default&#8221; title_font_size=&#8221;24px&#8221; title_line_height=&#8221;27px&#8221; global_colors_info=&#8221;{}&#8221;][\/dmpro_carousel_child][dmpro_carousel_child title=&#8221;BERYMTE RLD&#8221; img_src=&#8221;https:\/\/www.myvacaya.com\/wp-content\/uploads\/2022\/11\/Carousel-RLD-1.jpg&#8221; text_title=&#8221;BERYMTE RLD&#8221; _builder_version=&#8221;4.23.4&#8243; _module_preset=&#8221;default&#8221; title_font_size=&#8221;24px&#8221; title_line_height=&#8221;27px&#8221; global_colors_info=&#8221;{}&#8221;][\/dmpro_carousel_child][dmpro_carousel_child title=&#8221;KURATERTE UDflugter&#8221; img_src=&#8221;https:\/\/www.myvacaya.com\/wp-content\/uploads\/2022\/11\/girl-ziplining-mexico-1.jpg&#8221; text_title=&#8221;KURATERTE UDflugter&#8221; _builder_version=&#8221;4.23.4&#8243; _module_preset=&#8221;default&#8221; title_font_size=&#8221;24px&#8221; title_line_height=&#8221;27px&#8221; global_colors_info=&#8221;{}&#8221;][\/dmpro_carousel_child][dmpro_carousel_child title=&#8221;BARER P\u00c5 HVERT SVING&#8221; img_src=&#8221;https:\/\/www.myvacaya.com\/wp-content\/uploads\/2022\/11\/Carousel-men-1.jpg&#8221; text_title=&#8221;BARER P\u00c5 HVERT SVING&#8221; _builder_version=&#8221;4.23.4&#8243; _module_preset=&#8221;default&#8221; title_font_size=&#8221;24px&#8221; title_line_height=&#8221;27px&#8221; global_colors_info=&#8221;{}&#8221;][\/dmpro_carousel_child][dmpro_carousel_child title=&#8221;SJOV OG VENLIGE PARTER&#8221; img_src=&#8221;https:\/\/www.myvacaya.com\/wp-content\/uploads\/2022\/11\/Value-Page-parties.jpg&#8221; text_title=&#8221;SJOV OG VENLIGE PARTER&#8221; _builder_version=&#8221;4.23.4&#8243; _module_preset=&#8221;default&#8221; title_font_size=&#8221;24px&#8221; title_line_height=&#8221;27px&#8221; global_colors_info=&#8221;{}&#8221;][\/dmpro_carousel_child][dmpro_carousel_child title=&#8221;V TEAM &amp; LOKAL RESORT PERSONALE&#8221; img_src=&#8221;https:\/\/www.myvacaya.com\/wp-content\/uploads\/2022\/11\/Carousel-Team-1.jpg&#8221; text_title=&#8221;V TEAM &amp; LOKAL RESORT PERSONALE&#8221; _builder_version=&#8221;4.23.4&#8243; _module_preset=&#8221;default&#8221; title_font_size=&#8221;24px&#8221; title_line_height=&#8221;27px&#8221; global_colors_info=&#8221;{}&#8221;][\/dmpro_carousel_child][dmpro_carousel_child title=&#8221;ALLE ER VELKOMNE&#8221; img_src=&#8221;https:\/\/www.myvacaya.com\/wp-content\/uploads\/2022\/11\/All-Are-Welcome-1.jpg&#8221; text_title=&#8221;ALLE ER VELKOMNE&#8221; _builder_version=&#8221;4.23.4&#8243; _module_preset=&#8221;default&#8221; title_font_size=&#8221;24px&#8221; title_line_height=&#8221;27px&#8221; global_colors_info=&#8221;{}&#8221;][\/dmpro_carousel_child][\/dmpro_carousel][et_pb_text _builder_version=&#8221;4.23.4&#8243; _module_preset=&#8221;default&#8221; custom_margin=&#8221;||||false|false&#8221; custom_margin_tablet=&#8221;||||false|false&#8221; custom_margin_phone=&#8221;||||false|false&#8221; custom_margin_last_edited=&#8221;on|phone&#8221; global_colors_info=&#8221;{}&#8221;]Slay Rangers f\u00e5r adgang til ALLE BR\u00c6TSPILSESSIONER + den fulde VACAYA All-Inclusive Resort-oplevelse som en del af vores episke uge p\u00e5 Camp VACAYA! Fra 26. oktober \u2013 2. november 2025 overtager vi det luksuri\u00f8se Hard Rock Hotel Vallarta til vores \u00e5rlige Halloween og Day of the Dead-fest. Denne mexicanske altomfattende escape leverer uovertruffen v\u00e6rdi med hyggelig indkvartering, ubegr\u00e6nset mad og drikkevarer og et propfyldt program med VACAYA-eksklusiv underholdning og sociale oplevelser. Fra beachvolley og yoga til pools ved havet, vandaerobic og boblebade, finder du din perfekte balance mellem afslapning og eventyr. Tilf\u00f8j temafester, overraskelsesoptr\u00e6dener og et varmt, indbydende f\u00e6llesskab, og du har f\u00e5et den ultimative ferieniveau op \u2013 Slay Rangers-stil.    <\/p>\n<p>BESTIL DIN SLAY RANGER-OPLEVELSE P\u00c5 CAMP VACAYA NU!  <\/p>\n<p><a class=\"btn-pink-inline\" href=\"https:\/\/www.myvacaya.com\/da\/trip\/mexico-resort-2025\/\"><span class=\"btn-inline-span\">L\u00c6S MERE OG BESTIL NU<\/span><\/a>[\/et_pb_text][\/et_pb_column][\/et_pb_row][et_pb_row _builder_version=&#8221;4.23.4&#8243; _module_preset=&#8221;default&#8221; global_colors_info=&#8221;{}&#8221;][et_pb_column type=&#8221;4_4&#8243; _builder_version=&#8221;4.23.4&#8243; _module_preset=&#8221;default&#8221; global_colors_info=&#8221;{}&#8221;][et_pb_text admin_label=&#8221;Section Title &#8211; H2&#8243; _builder_version=&#8221;4.23.4&#8243; _module_preset=&#8221;default&#8221; text_letter_spacing=&#8221;1.8px&#8221; text_line_height=&#8221;22px&#8221; header_2_font=&#8221;Futura Bold|||on|||||&#8221; header_2_text_align=&#8221;center&#8221; header_2_text_color=&#8221;#000000&#8243; header_2_font_size=&#8221;30px&#8221; header_2_letter_spacing=&#8221;1.8px&#8221; header_2_line_height=&#8221;36px&#8221; header_3_font=&#8221;Futura Bold|||on|||||&#8221; header_3_text_align=&#8221;center&#8221; header_3_text_color=&#8221;#000000&#8243; header_3_font_size=&#8221;18px&#8221; header_3_letter_spacing=&#8221;1.8px&#8221; header_3_line_height=&#8221;24px&#8221; custom_margin=&#8221;||||false|false&#8221; custom_padding=&#8221;||||false|false&#8221; custom_padding_tablet=&#8221;||||false|false&#8221; custom_padding_phone=&#8221;||||false|false&#8221; custom_padding_last_edited=&#8221;on|phone&#8221; global_colors_info=&#8221;{}&#8221;]<\/p>\n<h2>DELTAG I DISKORDEN<\/h2>\n<p>[\/et_pb_text][et_pb_text _builder_version=&#8221;4.23.4&#8243; _module_preset=&#8221;default&#8221; global_colors_info=&#8221;{}&#8221;]Eventyret begynder nu! Mens vi forbereder os p\u00e5 en uforglemmelig spiloplevelse p\u00e5 Camp VACAYA, kan du slutte dig til os tidligt p\u00e5 Discord for at komme i kontakt med andre spillere, chatte om dine yndlingsspil og f\u00e5 de seneste opdateringer om alt, hvad der har med Slay Rangers at g\u00f8re! Fra br\u00e6tspil til Dungeons &amp; Dragons, live-arrangementer og meget mere, det bliver et brag!<br \/>\nKlik nedenfor for at deltage i det officielle Slay Rangers Discord-f\u00e6llesskab, hvor det sjove starter i dag!<\/p>\n<p><a class=\"btn-pink-inline\" href=\"https:\/\/discord.com\/invite\/WUBSW2Ch4U\"><span class=\"btn-inline-span\">Deltag i SLAY RANGER DISCORD!<\/span><\/a><\/p>\n<p>Vi kan ikke vente med at m\u00f8de dig og spille med dig! [\/et_pb_text][\/et_pb_column][\/et_pb_row][\/et_pb_section]<\/p>\n","protected":false},"excerpt":{"rendered":"<p><div class=\"trip-overlay\"><div class=\"trip-title\"><h1>Rejsefliser med titel &#8211; Kun krydstogter<\/h1><\/div><\/div>Den ultimative Gaymer Quest venter p\u00e5 Camp VACAYA<div class=\"et_pb_module dmpro_carousel dmpro_carousel_0\">\n\t\t\t\t\n\t\t\t\t\n\t\t\t\t\n\t\t\t\t\n\t\t\t\t\n\t\t\t\t\n\t\t\t\t<div class=\"et_pb_module_inner\">\n\t\t\t\t\t\n            <div class=\"dmpro-carousel-main\" data-columnsdesktop='2' data-columnstablet='3' data-columnsphone='1' data-spacebetween='35' data-spacebetween_tablet='35' data-spacebetween_phone='35' data-loop='on' data-speed='500' data-navigation='on' data-pagination='off' data-autoplay='on' data-autoplayspeed='5000' data-pauseonhover='off' data-effect='slide' data-rotate='50' data-dynamicbullets='on' data-ordernumber='0' data-centered='off' data-shadow='true'>\n                <div class=\"swiper swiper-dmpro-container\">\n                    <div class=\"swiper-wrapper dmpro-carousel-wrapper\">\n                        \n                    <\/div>\n                <\/div>\n                \n                <div class=\"swiper-button-next swiper-arrow-button dmpro-sbn0\" data-icon=\"&#x35;\"><\/div> \n                 <div class=\"swiper-button-prev swiper-arrow-button dmpro-sbp0\" data-icon=\"&#x34;\"><\/div>\n                 \n            <\/div>\n\t\t\t\t<\/div>\n\t\t\t<\/div><div class=\"et_pb_module dmpro_carousel_child dmpro_carousel_child_0\">\n\t\t\t\t\n\t\t\t\t\n\t\t\t\t\n\t\t\t\t\n\t\t\t\t\n\t\t\t\t\n\t\t\t\t<div class=\"et_pb_module_inner\">\n\t\t\t\t\t\n            <div class=\"dmpro-carousel-child-wrapper\">\n                <div class=\"dmpro-image-wrap\"><span class=\"dmpro-carousel-image\">\n                    <img decoding=\"async\" src=\"https:\/\/www.myvacaya.com\/wp-content\/uploads\/2025\/04\/1.-DD-Carousel.jpg\" alt=\"\"\/>\n                <\/span><\/div>\n                <div class=\"dmpro-carousel-item-content\">\n                    <h2 class=\"dmpro-carousel-item-title\">DD1<\/h2>\n                    \n                    <div class=\"dmpro-carousel-button-wrapper\">\n                        \n                    <\/div>\n                <\/div>\n            <\/div>\n\t\t\t\t<\/div>\n\t\t\t<\/div><div class=\"et_pb_module dmpro_carousel_child dmpro_carousel_child_1\">\n\t\t\t\t\n\t\t\t\t\n\t\t\t\t\n\t\t\t\t\n\t\t\t\t\n\t\t\t\t\n\t\t\t\t<div class=\"et_pb_module_inner\">\n\t\t\t\t\t\n            <div class=\"dmpro-carousel-child-wrapper\">\n                <div class=\"dmpro-image-wrap\"><span class=\"dmpro-carousel-image\">\n                    <img decoding=\"async\" src=\"https:\/\/www.myvacaya.com\/wp-content\/uploads\/2025\/04\/2.-DD-Carousel.jpg\" alt=\"\"\/>\n                <\/span><\/div>\n                <div class=\"dmpro-carousel-item-content\">\n                    <h2 class=\"dmpro-carousel-item-title\">DD2<\/h2>\n                    \n                    <div class=\"dmpro-carousel-button-wrapper\">\n                        \n                    <\/div>\n                <\/div>\n            <\/div>\n\t\t\t\t<\/div>\n\t\t\t<\/div><div class=\"et_pb_module dmpro_carousel_child dmpro_carousel_child_2\">\n\t\t\t\t\n\t\t\t\t\n\t\t\t\t\n\t\t\t\t\n\t\t\t\t\n\t\t\t\t\n\t\t\t\t<div class=\"et_pb_module_inner\">\n\t\t\t\t\t\n            <div class=\"dmpro-carousel-child-wrapper\">\n                <div class=\"dmpro-image-wrap\"><span class=\"dmpro-carousel-image\">\n                    <img decoding=\"async\" src=\"&#8221;https:\/\/www.myvacaya.com\/wp-content\/uploads\/2025\/04\/3.-DD-Carousel.jpg&#8221;\" alt=\"\"\/>\n                <\/span><\/div>\n                <div class=\"dmpro-carousel-item-content\">\n                    <h2 class=\"dmpro-carousel-item-title\">&#8221;DD3&#8243;<\/h2>\n                    \n                    <div class=\"dmpro-carousel-button-wrapper\">\n                        \n                    <\/div>\n                <\/div>\n            <\/div>\n\t\t\t\t<\/div>\n\t\t\t<\/div><\/p>\n","protected":false},"author":1,"featured_media":0,"parent":0,"menu_order":0,"comment_status":"closed","ping_status":"closed","template":"","meta":{"_acf_changed":false,"_et_pb_use_builder":"on","_et_pb_old_content":"","_et_gb_content_width":"","_monsterinsights_skip_tracking":false,"_monsterinsights_sitenote_active":false,"_monsterinsights_sitenote_note":"","_monsterinsights_sitenote_category":0,"footnotes":""},"class_list":["post-181165","page","type-page","status-publish","hentry"],"acf":[],"_links":{"self":[{"href":"https:\/\/www.myvacaya.com\/da\/wp-json\/wp\/v2\/pages\/181165","targetHints":{"allow":["GET"]}}],"collection":[{"href":"https:\/\/www.myvacaya.com\/da\/wp-json\/wp\/v2\/pages"}],"about":[{"href":"https:\/\/www.myvacaya.com\/da\/wp-json\/wp\/v2\/types\/page"}],"author":[{"embeddable":true,"href":"https:\/\/www.myvacaya.com\/da\/wp-json\/wp\/v2\/users\/1"}],"replies":[{"embeddable":true,"href":"https:\/\/www.myvacaya.com\/da\/wp-json\/wp\/v2\/comments?post=181165"}],"version-history":[{"count":6,"href":"https:\/\/www.myvacaya.com\/da\/wp-json\/wp\/v2\/pages\/181165\/revisions"}],"predecessor-version":[{"id":181374,"href":"https:\/\/www.myvacaya.com\/da\/wp-json\/wp\/v2\/pages\/181165\/revisions\/181374"}],"wp:attachment":[{"href":"https:\/\/www.myvacaya.com\/da\/wp-json\/wp\/v2\/media?parent=181165"}],"curies":[{"name":"wp","href":"https:\/\/api.w.org\/{rel}","templated":true}]}}